{"id":533,"date":"2016-03-11T14:08:40","date_gmt":"2016-03-11T14:08:40","guid":{"rendered":"http:\/\/www.msfaktura.de\/hilfe-version-4\/?page_id=533"},"modified":"2022-04-12T17:19:15","modified_gmt":"2022-04-12T17:19:15","slug":"hauptmenu","status":"publish","type":"page","link":"https:\/\/www.msfaktura.de\/hilfe-version-4\/startseite\/hauptformulare\/hauptmenu\/","title":{"rendered":"Hauptmenu"},"content":{"rendered":"<p><a href=\"http:\/\/www.msfaktura.de\/hilfe-version-4\/wp-content\/uploads\/sites\/6\/2022\/04\/Hauptmenu-1.png\"  rel=\"lightbox[533] attachment wp-att-534\"><img loading=\"lazy\" decoding=\"async\" class=\"alignnone wp-image-1974 size-large\" src=\"http:\/\/www.msfaktura.de\/hilfe-version-4\/wp-content\/uploads\/sites\/6\/2022\/04\/Hauptmenu-1-1024x557.png\" alt=\"\" width=\"474\" height=\"258\" srcset=\"https:\/\/www.msfaktura.de\/hilfe-version-4\/wp-content\/uploads\/sites\/6\/2022\/04\/Hauptmenu-1-1024x557.png 1024w, https:\/\/www.msfaktura.de\/hilfe-version-4\/wp-content\/uploads\/sites\/6\/2022\/04\/Hauptmenu-1-300x163.png 300w, https:\/\/www.msfaktura.de\/hilfe-version-4\/wp-content\/uploads\/sites\/6\/2022\/04\/Hauptmenu-1-768x418.png 768w, https:\/\/www.msfaktura.de\/hilfe-version-4\/wp-content\/uploads\/sites\/6\/2022\/04\/Hauptmenu-1-1536x836.png 1536w, https:\/\/www.msfaktura.de\/hilfe-version-4\/wp-content\/uploads\/sites\/6\/2022\/04\/Hauptmenu-1-2048x1114.png 2048w\" sizes=\"auto, (max-width: 474px) 100vw, 474px\" \/><\/a><\/p>\n<p class=\"bodytext\">Das Hauptmenu erreichen Sie, nachdem Sie sich im Log-In-Formular erfolgreich angemeldet haben.<\/p>\n<p class=\"bodytext\">Das Hauptmenu besteht aus 4 Bereichen:<\/p>\n<ol>\n<li>Liste mit den zu \u00f6ffnenden Hauptformularen<\/li>\n<li>Liste mit pers\u00f6nlichen Terminen des eingeloggten Benutzers<\/li>\n<li>Liste mit wichtigen Terminen des eingeloggten Benutzers<\/li>\n<li>Aktive Aufgaben des eingeloggten Benutzers<\/li>\n<\/ol>\n<p class=\"bodytext\">Das Hauptmenu verwaltet die Instanzen der ge\u00f6ffneten Hauptformulare, deshalb muss das Hauptmenu immer ge\u00f6ffnet bleiben.<\/p>\n<p class=\"bodytext\">Funktionen:<\/p>\n<p class=\"bodytext\">1. Hauptformularinstanzen \u00f6ffnen<br \/>\nDurch Ausw\u00e4hlen eines der Hauptformulare in der Liste (1) und darauf folgendes klicken auf den Knopf &#8222;\u00d6ffnen&#8220;&nbsp;wird eine Instanz des ausgew\u00e4hlten Hauptformulares ge\u00f6ffnet. In der Liste wird diese Instanz als Unterpunkt zum Hauptformular angezeigt. Es k\u00f6nnen mehrere Instanzen des gleichen oder unterschiedlicher Hauptformulare(s) parallel ge\u00f6ffnet werden.<\/p>\n<p class=\"bodytext\">2. Hauptformularinstanzen schlie\u00dfen<br \/>\nUm eine ge\u00f6ffnete Formularinstanz vom Hauptmenu aus zu schlie\u00dfen, w\u00e4hlen Sie die Instanz in der Liste(1) aus und klicken Sie auf den Knopf &#8222;Schlie\u00dfen&#8220;.<\/p>\n<p>Bitte beachten sie jeweils bei den Terminen und den Aufgaben die Buttons f\u00fcr die Aktualisierung, um den neusten Stand zu laden.<\/p>\n","protected":false},"excerpt":{"rendered":"<p>Das Hauptmenu erreichen Sie, nachdem Sie sich im Log-In-Formular erfolgreich angemeldet haben. Das Hauptmenu besteht aus 4 Bereichen: Liste mit den zu \u00f6ffnenden Hauptformularen Liste mit pers\u00f6nlichen Terminen des eingeloggten Benutzers Liste mit wichtigen Terminen des eingeloggten Benutzers Aktive Aufgaben des eingeloggten Benutzers Das Hauptmenu verwaltet die Instanzen der ge\u00f6ffneten Hauptformulare, deshalb muss das Hauptmenu &hellip; <a href=\"https:\/\/www.msfaktura.de\/hilfe-version-4\/startseite\/hauptformulare\/hauptmenu\/\" class=\"more-link\"><span class=\"screen-reader-text\">Hauptmenu<\/span> weiterlesen <span class=\"meta-nav\">&rarr;<\/span><\/a><\/p>\n","protected":false},"author":2,"featured_media":0,"parent":360,"menu_order":0,"comment_status":"closed","ping_status":"closed","template":"","meta":{"ngg_post_thumbnail":0,"footnotes":""},"class_list":["post-533","page","type-page","status-publish","hentry"],"_links":{"self":[{"href":"https:\/\/www.msfaktura.de\/hilfe-version-4\/wp-json\/wp\/v2\/pages\/533","targetHints":{"allow":["GET"]}}],"collection":[{"href":"https:\/\/www.msfaktura.de\/hilfe-version-4\/wp-json\/wp\/v2\/pages"}],"about":[{"href":"https:\/\/www.msfaktura.de\/hilfe-version-4\/wp-json\/wp\/v2\/types\/page"}],"author":[{"embeddable":true,"href":"https:\/\/www.msfaktura.de\/hilfe-version-4\/wp-json\/wp\/v2\/users\/2"}],"replies":[{"embeddable":true,"href":"https:\/\/www.msfaktura.de\/hilfe-version-4\/wp-json\/wp\/v2\/comments?post=533"}],"version-history":[{"count":6,"href":"https:\/\/www.msfaktura.de\/hilfe-version-4\/wp-json\/wp\/v2\/pages\/533\/revisions"}],"predecessor-version":[{"id":1975,"href":"https:\/\/www.msfaktura.de\/hilfe-version-4\/wp-json\/wp\/v2\/pages\/533\/revisions\/1975"}],"up":[{"embeddable":true,"href":"https:\/\/www.msfaktura.de\/hilfe-version-4\/wp-json\/wp\/v2\/pages\/360"}],"wp:attachment":[{"href":"https:\/\/www.msfaktura.de\/hilfe-version-4\/wp-json\/wp\/v2\/media?parent=533"}],"curies":[{"name":"wp","href":"https:\/\/api.w.org\/{rel}","templated":true}]}}