{"id":463,"date":"2016-03-11T10:08:50","date_gmt":"2016-03-11T10:08:50","guid":{"rendered":"http:\/\/www.msfaktura.de\/hilfe-version-4\/?page_id=463"},"modified":"2022-04-14T12:48:26","modified_gmt":"2022-04-14T12:48:26","slug":"pl_frm_kalkulationsgraph","status":"publish","type":"page","link":"https:\/\/www.msfaktura.de\/hilfe-version-4\/startseite\/detailformulare\/pl_frm_kalkulationsgraph\/","title":{"rendered":"Kalkulationsobjekt ausw\u00e4hlen"},"content":{"rendered":"<p><a href=\"http:\/\/www.msfaktura.de\/hilfe-version-4\/wp-content\/uploads\/sites\/6\/2022\/04\/Kalkulationsobjekt-auswaehlen.png\"  rel=\"lightbox[463] attachment wp-att-464\"><img loading=\"lazy\" decoding=\"async\" class=\"alignnone wp-image-2019 size-full\" src=\"http:\/\/www.msfaktura.de\/hilfe-version-4\/wp-content\/uploads\/sites\/6\/2022\/04\/Kalkulationsobjekt-auswaehlen.png\" alt=\"\" width=\"1198\" height=\"881\" srcset=\"https:\/\/www.msfaktura.de\/hilfe-version-4\/wp-content\/uploads\/sites\/6\/2022\/04\/Kalkulationsobjekt-auswaehlen.png 1198w, https:\/\/www.msfaktura.de\/hilfe-version-4\/wp-content\/uploads\/sites\/6\/2022\/04\/Kalkulationsobjekt-auswaehlen-300x221.png 300w, https:\/\/www.msfaktura.de\/hilfe-version-4\/wp-content\/uploads\/sites\/6\/2022\/04\/Kalkulationsobjekt-auswaehlen-1024x753.png 1024w, https:\/\/www.msfaktura.de\/hilfe-version-4\/wp-content\/uploads\/sites\/6\/2022\/04\/Kalkulationsobjekt-auswaehlen-768x565.png 768w\" sizes=\"auto, (max-width: 1198px) 100vw, 1198px\" \/><\/a><\/p>\n<p>Mit setzen des H\u00e4ckchen k\u00f6nnen sie sich ihr gew\u00fcnschtes Kalkulationsobjekt zusammenstellen.<\/p>\n<p>&#8222;Speichern und schlie\u00dfen&#8220;: Erstellt ihr gew\u00fcnschtes Kalkulationsobjekt<\/p>\n<p>&#8222;Abbrechen&#8220;: bricht den Vorgang ab und schlie\u00dft das Formular.<\/p>\n<p>&#8222;Preislisten Information&#8220;: Zeigt zus\u00e4tzliche Informationen zu der aktuell gew\u00e4hlten Preisliste an.<\/p>\n","protected":false},"excerpt":{"rendered":"<p>Mit setzen des H\u00e4ckchen k\u00f6nnen sie sich ihr gew\u00fcnschtes Kalkulationsobjekt zusammenstellen. &#8222;Speichern und schlie\u00dfen&#8220;: Erstellt ihr gew\u00fcnschtes Kalkulationsobjekt &#8222;Abbrechen&#8220;: bricht den Vorgang ab und schlie\u00dft das Formular. &#8222;Preislisten Information&#8220;: Zeigt zus\u00e4tzliche Informationen zu der aktuell gew\u00e4hlten Preisliste an.<\/p>\n","protected":false},"author":2,"featured_media":0,"parent":364,"menu_order":0,"comment_status":"closed","ping_status":"closed","template":"","meta":{"ngg_post_thumbnail":0,"footnotes":""},"class_list":["post-463","page","type-page","status-publish","hentry"],"_links":{"self":[{"href":"https:\/\/www.msfaktura.de\/hilfe-version-4\/wp-json\/wp\/v2\/pages\/463","targetHints":{"allow":["GET"]}}],"collection":[{"href":"https:\/\/www.msfaktura.de\/hilfe-version-4\/wp-json\/wp\/v2\/pages"}],"about":[{"href":"https:\/\/www.msfaktura.de\/hilfe-version-4\/wp-json\/wp\/v2\/types\/page"}],"author":[{"embeddable":true,"href":"https:\/\/www.msfaktura.de\/hilfe-version-4\/wp-json\/wp\/v2\/users\/2"}],"replies":[{"embeddable":true,"href":"https:\/\/www.msfaktura.de\/hilfe-version-4\/wp-json\/wp\/v2\/comments?post=463"}],"version-history":[{"count":4,"href":"https:\/\/www.msfaktura.de\/hilfe-version-4\/wp-json\/wp\/v2\/pages\/463\/revisions"}],"predecessor-version":[{"id":2020,"href":"https:\/\/www.msfaktura.de\/hilfe-version-4\/wp-json\/wp\/v2\/pages\/463\/revisions\/2020"}],"up":[{"embeddable":true,"href":"https:\/\/www.msfaktura.de\/hilfe-version-4\/wp-json\/wp\/v2\/pages\/364"}],"wp:attachment":[{"href":"https:\/\/www.msfaktura.de\/hilfe-version-4\/wp-json\/wp\/v2\/media?parent=463"}],"curies":[{"name":"wp","href":"https:\/\/api.w.org\/{rel}","templated":true}]}}