{"id":451,"date":"2016-03-11T10:06:03","date_gmt":"2016-03-11T10:06:03","guid":{"rendered":"http:\/\/www.msfaktura.de\/hilfe-version-4\/?page_id=451"},"modified":"2022-04-14T10:46:05","modified_gmt":"2022-04-14T10:46:05","slug":"neuer-partner","status":"publish","type":"page","link":"https:\/\/www.msfaktura.de\/hilfe-version-4\/startseite\/detailformulare\/neuer-partner\/","title":{"rendered":"Neuer Partner"},"content":{"rendered":"<p><a href=\"http:\/\/www.msfaktura.de\/hilfe-version-4\/wp-content\/uploads\/sites\/6\/2022\/04\/NeuerPartner.png\"  rel=\"lightbox[451] attachment wp-att-452\"><img loading=\"lazy\" decoding=\"async\" class=\"alignnone wp-image-1994 size-full\" src=\"http:\/\/www.msfaktura.de\/hilfe-version-4\/wp-content\/uploads\/sites\/6\/2022\/04\/NeuerPartner.png\" alt=\"\" width=\"817\" height=\"611\" srcset=\"https:\/\/www.msfaktura.de\/hilfe-version-4\/wp-content\/uploads\/sites\/6\/2022\/04\/NeuerPartner.png 817w, https:\/\/www.msfaktura.de\/hilfe-version-4\/wp-content\/uploads\/sites\/6\/2022\/04\/NeuerPartner-300x224.png 300w, https:\/\/www.msfaktura.de\/hilfe-version-4\/wp-content\/uploads\/sites\/6\/2022\/04\/NeuerPartner-768x574.png 768w\" sizes=\"auto, (max-width: 817px) 100vw, 817px\" \/><\/a><\/p>\n<p>Detailformular&nbsp;zum Anzeigen und Bearbeiten von neuen Partnern.<\/p>\n<p class=\"bodytext\">Befehlsschaltfl\u00e4chen unten:<\/p>\n<ul>\n<li>\u201eAbbrechen\u201c: <em>bricht den Vorgang ab<\/em><\/li>\n<li>\u201eSpeichern und schlie\u00dfen\u201c: <em>speichert den neuen Partner<\/em><\/li>\n<li>&#8222;Speichern und neues Projekt&#8220;: speichert den neuen Partner und leitet Sie weiter zur Projekterstellung<\/li>\n<\/ul>\n<p class=\"bodytext\">Felder:<\/p>\n<ul>\n<li>Adressart:&nbsp;<i>Adressart<\/i> <i>(Privatadresse, Gesch\u00e4ftsadresse, etc.)<\/i><\/li>\n<li>Anrede:&nbsp;<i>Anrede (Herr, Frau, etc.)<\/i><\/li>\n<li>Titel:&nbsp;<i>Titel (Dr., Prof., etc.)<\/i><\/li>\n<li>Vorname:&nbsp;<i>Vorname<\/i><\/li>\n<li>Name:&nbsp;<i>Nachname<\/i><\/li>\n<li>Stra\u00dfe:&nbsp;<i>Stra\u00dfenname<\/i><\/li>\n<li>Nr:&nbsp;<i>Stra\u00dfen-Nummer<\/i><\/li>\n<li>PLZ:&nbsp;<i>Postleitzahl<\/i><\/li>\n<li>Ort:&nbsp;<i>Ort<\/i><\/li>\n<li>Land:&nbsp;<i>Land<\/i><\/li>\n<li>Bundesland: <em>Bundesland<\/em><\/li>\n<li>Telefon: <em>Telefonnummer<\/em><\/li>\n<li>Fax: <em>Faxnummer<\/em><\/li>\n<li>Mobiltelefon: <em>Mobiltelefonnummer<\/em><\/li>\n<li>E-Mail: <em>E-Mail Adresse<\/em><\/li>\n<li>Rolle(n):&nbsp;<em>Rolle, die dem <a class=\"glossaryLink cmtt_Partner\" style=\"border-top: 0px; border-right: 0px; border-bottom: 1px dotted #000000 !important; border-left: 0px; border-image: initial; font-family: inherit; font-size: 16px; font-style: inherit; font-weight: inherit; margin: 0px; outline: 0px; padding: 0px; vertical-align: baseline; color: #000000 !important; text-decoration: none !important;\" href=\"http:\/\/www.msfaktura.de\/hilfe-version-4\/msfglossary\/partner\/\" data-tooltip=\"\n\n\n<div class=glossaryItemTitle>Partner<\/div>\n<p>Als Partner im msFaktura-Kontext werden sowohl Kunden als auch Lieferanten\/Partnerfirmen, Mitarbeiter und System-Mandanten verstanden.&#8220;>Partner<\/a> zugeordnet ist<\/em><\/li>\n<li>Kundenart: <em>Eigenschaft, die dem Kunden zugeordnet ist<\/em><\/li>\n<\/ul>\n<p><iframe loading=\"lazy\" src=\"https:\/\/www.youtube.com\/embed\/rBjStm9twkU\" width=\"560\" height=\"315\" frameborder=\"0\" allowfullscreen=\"allowfullscreen\"><\/iframe><\/p>\n<p>Video: Anleitung zur Partner- und Projektverwaltung<\/p>\n","protected":false},"excerpt":{"rendered":"<p>Detailformular&nbsp;zum Anzeigen und Bearbeiten von neuen Partnern. Befehlsschaltfl\u00e4chen unten: \u201eAbbrechen\u201c: bricht den Vorgang ab \u201eSpeichern und schlie\u00dfen\u201c: speichert den neuen Partner &#8222;Speichern und neues Projekt&#8220;: speichert den neuen Partner und leitet Sie weiter zur Projekterstellung Felder: Adressart:&nbsp;Adressart (Privatadresse, Gesch\u00e4ftsadresse, etc.) Anrede:&nbsp;Anrede (Herr, Frau, etc.) Titel:&nbsp;Titel (Dr., Prof., etc.) Vorname:&nbsp;Vorname Name:&nbsp;Nachname Stra\u00dfe:&nbsp;Stra\u00dfenname Nr:&nbsp;Stra\u00dfen-Nummer PLZ:&nbsp;Postleitzahl Ort:&nbsp;Ort Land:&nbsp;Land &hellip; <a href=\"https:\/\/www.msfaktura.de\/hilfe-version-4\/startseite\/detailformulare\/neuer-partner\/\" class=\"more-link\"><span class=\"screen-reader-text\">Neuer Partner<\/span> weiterlesen <span class=\"meta-nav\">&rarr;<\/span><\/a><\/p>\n","protected":false},"author":2,"featured_media":0,"parent":364,"menu_order":0,"comment_status":"closed","ping_status":"closed","template":"","meta":{"ngg_post_thumbnail":0,"footnotes":""},"class_list":["post-451","page","type-page","status-publish","hentry"],"_links":{"self":[{"href":"https:\/\/www.msfaktura.de\/hilfe-version-4\/wp-json\/wp\/v2\/pages\/451","targetHints":{"allow":["GET"]}}],"collection":[{"href":"https:\/\/www.msfaktura.de\/hilfe-version-4\/wp-json\/wp\/v2\/pages"}],"about":[{"href":"https:\/\/www.msfaktura.de\/hilfe-version-4\/wp-json\/wp\/v2\/types\/page"}],"author":[{"embeddable":true,"href":"https:\/\/www.msfaktura.de\/hilfe-version-4\/wp-json\/wp\/v2\/users\/2"}],"replies":[{"embeddable":true,"href":"https:\/\/www.msfaktura.de\/hilfe-version-4\/wp-json\/wp\/v2\/comments?post=451"}],"version-history":[{"count":8,"href":"https:\/\/www.msfaktura.de\/hilfe-version-4\/wp-json\/wp\/v2\/pages\/451\/revisions"}],"predecessor-version":[{"id":1997,"href":"https:\/\/www.msfaktura.de\/hilfe-version-4\/wp-json\/wp\/v2\/pages\/451\/revisions\/1997"}],"up":[{"embeddable":true,"href":"https:\/\/www.msfaktura.de\/hilfe-version-4\/wp-json\/wp\/v2\/pages\/364"}],"wp:attachment":[{"href":"https:\/\/www.msfaktura.de\/hilfe-version-4\/wp-json\/wp\/v2\/media?parent=451"}],"curies":[{"name":"wp","href":"https:\/\/api.w.org\/{rel}","templated":true}]}}