{"id":427,"date":"2016-03-11T09:48:49","date_gmt":"2016-03-11T09:48:49","guid":{"rendered":"http:\/\/www.msfaktura.de\/hilfe-version-4\/?page_id=427"},"modified":"2022-04-12T18:32:18","modified_gmt":"2022-04-12T18:32:18","slug":"kontakt-details","status":"publish","type":"page","link":"https:\/\/www.msfaktura.de\/hilfe-version-4\/startseite\/detailformulare\/kontakt-details\/","title":{"rendered":"Kontakt-Details"},"content":{"rendered":"<p><a href=\"http:\/\/www.msfaktura.de\/hilfe-version-4\/wp-content\/uploads\/sites\/6\/2022\/04\/Kontakt_details.png\"  rel=\"lightbox[427] attachment wp-att-428\"><img loading=\"lazy\" decoding=\"async\" class=\"alignnone wp-image-1984 size-full\" src=\"http:\/\/www.msfaktura.de\/hilfe-version-4\/wp-content\/uploads\/sites\/6\/2022\/04\/Kontakt_details.png\" alt=\"\" width=\"472\" height=\"337\" srcset=\"https:\/\/www.msfaktura.de\/hilfe-version-4\/wp-content\/uploads\/sites\/6\/2022\/04\/Kontakt_details.png 472w, https:\/\/www.msfaktura.de\/hilfe-version-4\/wp-content\/uploads\/sites\/6\/2022\/04\/Kontakt_details-300x214.png 300w\" sizes=\"auto, (max-width: 472px) 100vw, 472px\" \/><\/a><\/p>\n<p class=\"bodytext\">Detail- und Hilfsformular zum Anzeigen und Bearbeiten von Kontakten.<\/p>\n<p class=\"bodytext\">Diese Daten sind adressbezogen.<\/p>\n<p class=\"bodytext\">Dieses Formular erreicht man \u00fcber das Unterformular &#8222;Adressen&#8220;.<\/p>\n<p class=\"bodytext\">Befehlsschaltfl\u00e4chen unten:<\/p>\n<ul>\n<li>&#8222;Schlie\u00dfen&#8220;: schlie\u00dft das Formular<\/li>\n<\/ul>\n<p class=\"bodytext\">Felder:<\/p>\n<ul>\n<li>Kontakt-Nr: <i>laufende Nummer<\/i><\/li>\n<li>Adress-Nr: <i>Nummer der Adresse, die dem&nbsp;<\/i>Kontakt<i> zugeordnet ist<\/i><\/li>\n<li>Bezeichnung: <i>Bezeichnung des <\/i>Kontaktes<\/li>\n<li>Art: <i>Art des <\/i>Kontaktes<i> (e-mail Adresse, Fax, Mobiltelefon, Telefon, Website)<\/i><\/li>\n<li>Kontakt: <i>die eigentliche Kontaktm\u00f6glichkeit (je nach Art: Telefonnummer, Mailadresse etc.)<\/i><\/li>\n<li>Druck:<i> markiert den <\/i>Kontakt<i> als auszudrucken in Berichten<\/i><\/li>\n<li>Haupt: <i>markiert den <\/i>Kontakt<i>&nbsp;als Hauptkontakt<\/i><\/li>\n<\/ul>\n","protected":false},"excerpt":{"rendered":"<p>Detail- und Hilfsformular zum Anzeigen und Bearbeiten von Kontakten. Diese Daten sind adressbezogen. Dieses Formular erreicht man \u00fcber das Unterformular &#8222;Adressen&#8220;. Befehlsschaltfl\u00e4chen unten: &#8222;Schlie\u00dfen&#8220;: schlie\u00dft das Formular Felder: Kontakt-Nr: laufende Nummer Adress-Nr: Nummer der Adresse, die dem&nbsp;Kontakt zugeordnet ist Bezeichnung: Bezeichnung des Kontaktes Art: Art des Kontaktes (e-mail Adresse, Fax, Mobiltelefon, Telefon, Website) Kontakt: die &hellip; <a href=\"https:\/\/www.msfaktura.de\/hilfe-version-4\/startseite\/detailformulare\/kontakt-details\/\" class=\"more-link\"><span class=\"screen-reader-text\">Kontakt-Details<\/span> weiterlesen <span class=\"meta-nav\">&rarr;<\/span><\/a><\/p>\n","protected":false},"author":2,"featured_media":0,"parent":364,"menu_order":0,"comment_status":"closed","ping_status":"closed","template":"","meta":{"ngg_post_thumbnail":0,"footnotes":""},"class_list":["post-427","page","type-page","status-publish","hentry"],"_links":{"self":[{"href":"https:\/\/www.msfaktura.de\/hilfe-version-4\/wp-json\/wp\/v2\/pages\/427","targetHints":{"allow":["GET"]}}],"collection":[{"href":"https:\/\/www.msfaktura.de\/hilfe-version-4\/wp-json\/wp\/v2\/pages"}],"about":[{"href":"https:\/\/www.msfaktura.de\/hilfe-version-4\/wp-json\/wp\/v2\/types\/page"}],"author":[{"embeddable":true,"href":"https:\/\/www.msfaktura.de\/hilfe-version-4\/wp-json\/wp\/v2\/users\/2"}],"replies":[{"embeddable":true,"href":"https:\/\/www.msfaktura.de\/hilfe-version-4\/wp-json\/wp\/v2\/comments?post=427"}],"version-history":[{"count":4,"href":"https:\/\/www.msfaktura.de\/hilfe-version-4\/wp-json\/wp\/v2\/pages\/427\/revisions"}],"predecessor-version":[{"id":1985,"href":"https:\/\/www.msfaktura.de\/hilfe-version-4\/wp-json\/wp\/v2\/pages\/427\/revisions\/1985"}],"up":[{"embeddable":true,"href":"https:\/\/www.msfaktura.de\/hilfe-version-4\/wp-json\/wp\/v2\/pages\/364"}],"wp:attachment":[{"href":"https:\/\/www.msfaktura.de\/hilfe-version-4\/wp-json\/wp\/v2\/media?parent=427"}],"curies":[{"name":"wp","href":"https:\/\/api.w.org\/{rel}","templated":true}]}}