{"id":393,"date":"2016-03-11T09:24:39","date_gmt":"2016-03-11T09:24:39","guid":{"rendered":"http:\/\/www.msfaktura.de\/hilfe-version-4\/?page_id=393"},"modified":"2022-04-25T14:42:37","modified_gmt":"2022-04-25T14:42:37","slug":"rechnungsuebersicht","status":"publish","type":"page","link":"https:\/\/www.msfaktura.de\/hilfe-version-4\/startseite\/hauptformulare\/rechnungsuebersicht\/","title":{"rendered":"Rechnungs\u00fcbersicht"},"content":{"rendered":"<p><img loading=\"lazy\" decoding=\"async\" class=\"aligncenter wp-image-1468 size-full\" src=\"http:\/\/www.msfaktura.de\/hilfe-version-4\/wp-content\/uploads\/sites\/6\/2020\/05\/Rechnungs\u00fcbersicht-3.jpg\" alt=\"\" width=\"1280\" height=\"937\" srcset=\"https:\/\/www.msfaktura.de\/hilfe-version-4\/wp-content\/uploads\/sites\/6\/2020\/05\/Rechnungs\u00fcbersicht-3.jpg 1280w, https:\/\/www.msfaktura.de\/hilfe-version-4\/wp-content\/uploads\/sites\/6\/2020\/05\/Rechnungs\u00fcbersicht-3-300x220.jpg 300w, https:\/\/www.msfaktura.de\/hilfe-version-4\/wp-content\/uploads\/sites\/6\/2020\/05\/Rechnungs\u00fcbersicht-3-1024x750.jpg 1024w, https:\/\/www.msfaktura.de\/hilfe-version-4\/wp-content\/uploads\/sites\/6\/2020\/05\/Rechnungs\u00fcbersicht-3-768x562.jpg 768w\" sizes=\"auto, (max-width: 1280px) 100vw, 1280px\" \/><\/p>\n<p class=\"bodytext\">Inhalt:<br \/>\n\u00dcbersicht \u00fcber alle Rechnungen&nbsp;in tabellarischer Form.<\/p>\n<p class=\"bodytext\">Dieses Formular ist \u00fcber das Hauptmenu zu erreichen.<\/p>\n","protected":false},"excerpt":{"rendered":"<p>Inhalt: \u00dcbersicht \u00fcber alle Rechnungen&nbsp;in tabellarischer Form. Dieses Formular ist \u00fcber das Hauptmenu zu erreichen.<\/p>\n","protected":false},"author":2,"featured_media":0,"parent":360,"menu_order":0,"comment_status":"closed","ping_status":"closed","template":"","meta":{"ngg_post_thumbnail":0,"footnotes":""},"class_list":["post-393","page","type-page","status-publish","hentry"],"_links":{"self":[{"href":"https:\/\/www.msfaktura.de\/hilfe-version-4\/wp-json\/wp\/v2\/pages\/393","targetHints":{"allow":["GET"]}}],"collection":[{"href":"https:\/\/www.msfaktura.de\/hilfe-version-4\/wp-json\/wp\/v2\/pages"}],"about":[{"href":"https:\/\/www.msfaktura.de\/hilfe-version-4\/wp-json\/wp\/v2\/types\/page"}],"author":[{"embeddable":true,"href":"https:\/\/www.msfaktura.de\/hilfe-version-4\/wp-json\/wp\/v2\/users\/2"}],"replies":[{"embeddable":true,"href":"https:\/\/www.msfaktura.de\/hilfe-version-4\/wp-json\/wp\/v2\/comments?post=393"}],"version-history":[{"count":7,"href":"https:\/\/www.msfaktura.de\/hilfe-version-4\/wp-json\/wp\/v2\/pages\/393\/revisions"}],"predecessor-version":[{"id":2182,"href":"https:\/\/www.msfaktura.de\/hilfe-version-4\/wp-json\/wp\/v2\/pages\/393\/revisions\/2182"}],"up":[{"embeddable":true,"href":"https:\/\/www.msfaktura.de\/hilfe-version-4\/wp-json\/wp\/v2\/pages\/360"}],"wp:attachment":[{"href":"https:\/\/www.msfaktura.de\/hilfe-version-4\/wp-json\/wp\/v2\/media?parent=393"}],"curies":[{"name":"wp","href":"https:\/\/api.w.org\/{rel}","templated":true}]}}