{"id":387,"date":"2016-03-11T09:22:24","date_gmt":"2016-03-11T09:22:24","guid":{"rendered":"http:\/\/www.msfaktura.de\/hilfe-version-4\/?page_id=387"},"modified":"2022-04-19T14:29:48","modified_gmt":"2022-04-19T14:29:48","slug":"preislistenmanager","status":"publish","type":"page","link":"https:\/\/www.msfaktura.de\/hilfe-version-4\/startseite\/hauptformulare\/preislistenmanager\/","title":{"rendered":"Preislistenmanager"},"content":{"rendered":"<p><img loading=\"lazy\" decoding=\"async\" class=\"aligncenter wp-image-1438 size-full\" src=\"http:\/\/www.msfaktura.de\/hilfe-version-4\/wp-content\/uploads\/sites\/6\/2020\/05\/Preislistenmanager-3.jpg\" alt=\"\" width=\"1279\" height=\"915\" srcset=\"https:\/\/www.msfaktura.de\/hilfe-version-4\/wp-content\/uploads\/sites\/6\/2020\/05\/Preislistenmanager-3.jpg 1279w, https:\/\/www.msfaktura.de\/hilfe-version-4\/wp-content\/uploads\/sites\/6\/2020\/05\/Preislistenmanager-3-300x215.jpg 300w, https:\/\/www.msfaktura.de\/hilfe-version-4\/wp-content\/uploads\/sites\/6\/2020\/05\/Preislistenmanager-3-1024x733.jpg 1024w, https:\/\/www.msfaktura.de\/hilfe-version-4\/wp-content\/uploads\/sites\/6\/2020\/05\/Preislistenmanager-3-768x549.jpg 768w\" sizes=\"auto, (max-width: 1279px) 100vw, 1279px\" \/><\/p>\n<p class=\"bodytext\">Der Preislistenmanager ist ein Hauptformular zur Verwaltung der baumstrukturierten Kalkulationsobjekte.<\/p>\n<p class=\"bodytext\">Den Preislistenmanager erreichen Sie \u00fcber das Hauptmenu.<\/p>\n<p class=\"bodytext\">Im Preislistenmanager lassen sich alle Daten zur Verwaltung der Preislisten \u00fcbersichtlich abrufen und bearbeiten.<\/p>\n<p class=\"bodytext\">Der Preislistenmanager vef\u00fcgt \u00fcber vier Quadranten,&nbsp;in denen Unterformulare datenverkn\u00fcpft eingebunden werden.<\/p>\n<p class=\"bodytext\">Innerhalb des Preislistenmanagers stehen folgende Unterformulare zur Verf\u00fcgung:<\/p>\n<p class=\"bodytext\">Quadrant 1<\/p>\n<ul>\n<li>Preislistendetails<\/li>\n<\/ul>\n<p class=\"bodytext\">Quadrant 2:<\/p>\n<ul>\n<li>Preismatritzen<\/li>\n<li>Basisklassen<\/li>\n<li>Fensterkonstruktionen<\/li>\n<\/ul>\n<p class=\"bodytext\">Quadrant 3:<\/p>\n<ul>\n<li>Preislistenbaum<\/li>\n<\/ul>\n<p class=\"bodytext\">Quadrant 4:<\/p>\n<ul>\n<li>Kalkulationsobjekt<\/li>\n<li>Kalkulationseigenschaften<\/li>\n<\/ul>\n<p class=\"bodytext\">Das jeweils erste Unterformular wird standardm\u00e4\u00dfig angezeigt. Um ein anderes Unterformular innerhalb eines Quadranten anzuzeigen, w\u00e4hlen Sie mit der Maus eines der Formulare in der Formularliste des Quadranten durch einen einfachen Klick aus.<\/p>\n","protected":false},"excerpt":{"rendered":"<p>Der Preislistenmanager ist ein Hauptformular zur Verwaltung der baumstrukturierten Kalkulationsobjekte. Den Preislistenmanager erreichen Sie \u00fcber das Hauptmenu. Im Preislistenmanager lassen sich alle Daten zur Verwaltung der Preislisten \u00fcbersichtlich abrufen und bearbeiten. Der Preislistenmanager vef\u00fcgt \u00fcber vier Quadranten,&nbsp;in denen Unterformulare datenverkn\u00fcpft eingebunden werden. Innerhalb des Preislistenmanagers stehen folgende Unterformulare zur Verf\u00fcgung: Quadrant 1 Preislistendetails Quadrant 2: &hellip; <a href=\"https:\/\/www.msfaktura.de\/hilfe-version-4\/startseite\/hauptformulare\/preislistenmanager\/\" class=\"more-link\"><span class=\"screen-reader-text\">Preislistenmanager<\/span> weiterlesen <span class=\"meta-nav\">&rarr;<\/span><\/a><\/p>\n","protected":false},"author":2,"featured_media":0,"parent":360,"menu_order":0,"comment_status":"closed","ping_status":"closed","template":"","meta":{"ngg_post_thumbnail":0,"footnotes":""},"class_list":["post-387","page","type-page","status-publish","hentry"],"_links":{"self":[{"href":"https:\/\/www.msfaktura.de\/hilfe-version-4\/wp-json\/wp\/v2\/pages\/387","targetHints":{"allow":["GET"]}}],"collection":[{"href":"https:\/\/www.msfaktura.de\/hilfe-version-4\/wp-json\/wp\/v2\/pages"}],"about":[{"href":"https:\/\/www.msfaktura.de\/hilfe-version-4\/wp-json\/wp\/v2\/types\/page"}],"author":[{"embeddable":true,"href":"https:\/\/www.msfaktura.de\/hilfe-version-4\/wp-json\/wp\/v2\/users\/2"}],"replies":[{"embeddable":true,"href":"https:\/\/www.msfaktura.de\/hilfe-version-4\/wp-json\/wp\/v2\/comments?post=387"}],"version-history":[{"count":6,"href":"https:\/\/www.msfaktura.de\/hilfe-version-4\/wp-json\/wp\/v2\/pages\/387\/revisions"}],"predecessor-version":[{"id":2046,"href":"https:\/\/www.msfaktura.de\/hilfe-version-4\/wp-json\/wp\/v2\/pages\/387\/revisions\/2046"}],"up":[{"embeddable":true,"href":"https:\/\/www.msfaktura.de\/hilfe-version-4\/wp-json\/wp\/v2\/pages\/360"}],"wp:attachment":[{"href":"https:\/\/www.msfaktura.de\/hilfe-version-4\/wp-json\/wp\/v2\/media?parent=387"}],"curies":[{"name":"wp","href":"https:\/\/api.w.org\/{rel}","templated":true}]}}