{"id":331,"date":"2016-03-10T12:23:32","date_gmt":"2016-03-10T12:23:32","guid":{"rendered":"http:\/\/www.msfaktura.de\/hilfe-version-4\/?page_id=331"},"modified":"2022-04-25T14:23:31","modified_gmt":"2022-04-25T14:23:31","slug":"dataview_frm_titel","status":"publish","type":"page","link":"https:\/\/www.msfaktura.de\/hilfe-version-4\/startseite\/unterformulare\/dataview_frm_titel\/","title":{"rendered":"Titel"},"content":{"rendered":"<p><a href=\"http:\/\/www.msfaktura.de\/hilfe-version-4\/wp-content\/uploads\/sites\/6\/2020\/05\/Titel-3.jpg\" rel=\"lightbox[331]\"><img loading=\"lazy\" decoding=\"async\" class=\"aligncenter wp-image-1516 size-full\" src=\"http:\/\/www.msfaktura.de\/hilfe-version-4\/wp-content\/uploads\/sites\/6\/2020\/05\/Titel-3.jpg\" alt=\"\" width=\"1280\" height=\"937\" srcset=\"https:\/\/www.msfaktura.de\/hilfe-version-4\/wp-content\/uploads\/sites\/6\/2020\/05\/Titel-3.jpg 1280w, https:\/\/www.msfaktura.de\/hilfe-version-4\/wp-content\/uploads\/sites\/6\/2020\/05\/Titel-3-300x220.jpg 300w, https:\/\/www.msfaktura.de\/hilfe-version-4\/wp-content\/uploads\/sites\/6\/2020\/05\/Titel-3-1024x750.jpg 1024w, https:\/\/www.msfaktura.de\/hilfe-version-4\/wp-content\/uploads\/sites\/6\/2020\/05\/Titel-3-768x562.jpg 768w\" sizes=\"auto, (max-width: 1280px) 100vw, 1280px\" \/><\/a><\/p>\n<p>Unterformular zum Anzeigen und Bearbeiten von Titeln.<\/p>\n<p class=\"bodytext\">Befehlsschaltfl\u00e4chen oben:<\/p>\n<ul>\n<li>&#8222;Schlie\u00dfen&#8220;: schlie\u00dft das Formular<\/li>\n<li>&#8222;Neu&#8220;: erstellt einen neuen Titel<\/li>\n<li>&#8222;L\u00f6schen&#8220;: l\u00f6scht den gew\u00e4hlten Titel<\/li>\n<\/ul>\n","protected":false},"excerpt":{"rendered":"<p>Unterformular zum Anzeigen und Bearbeiten von Titeln. Befehlsschaltfl\u00e4chen oben: &#8222;Schlie\u00dfen&#8220;: schlie\u00dft das Formular &#8222;Neu&#8220;: erstellt einen neuen Titel &#8222;L\u00f6schen&#8220;: l\u00f6scht den gew\u00e4hlten Titel<\/p>\n","protected":false},"author":2,"featured_media":0,"parent":362,"menu_order":0,"comment_status":"closed","ping_status":"closed","template":"","meta":{"ngg_post_thumbnail":0,"footnotes":""},"class_list":["post-331","page","type-page","status-publish","hentry"],"_links":{"self":[{"href":"https:\/\/www.msfaktura.de\/hilfe-version-4\/wp-json\/wp\/v2\/pages\/331","targetHints":{"allow":["GET"]}}],"collection":[{"href":"https:\/\/www.msfaktura.de\/hilfe-version-4\/wp-json\/wp\/v2\/pages"}],"about":[{"href":"https:\/\/www.msfaktura.de\/hilfe-version-4\/wp-json\/wp\/v2\/types\/page"}],"author":[{"embeddable":true,"href":"https:\/\/www.msfaktura.de\/hilfe-version-4\/wp-json\/wp\/v2\/users\/2"}],"replies":[{"embeddable":true,"href":"https:\/\/www.msfaktura.de\/hilfe-version-4\/wp-json\/wp\/v2\/comments?post=331"}],"version-history":[{"count":5,"href":"https:\/\/www.msfaktura.de\/hilfe-version-4\/wp-json\/wp\/v2\/pages\/331\/revisions"}],"predecessor-version":[{"id":2165,"href":"https:\/\/www.msfaktura.de\/hilfe-version-4\/wp-json\/wp\/v2\/pages\/331\/revisions\/2165"}],"up":[{"embeddable":true,"href":"https:\/\/www.msfaktura.de\/hilfe-version-4\/wp-json\/wp\/v2\/pages\/362"}],"wp:attachment":[{"href":"https:\/\/www.msfaktura.de\/hilfe-version-4\/wp-json\/wp\/v2\/media?parent=331"}],"curies":[{"name":"wp","href":"https:\/\/api.w.org\/{rel}","templated":true}]}}