{"id":294,"date":"2016-03-10T11:51:30","date_gmt":"2016-03-10T11:51:30","guid":{"rendered":"http:\/\/www.msfaktura.de\/hilfe-version-4\/?page_id=294"},"modified":"2022-04-25T09:21:51","modified_gmt":"2022-04-25T09:21:51","slug":"dataview_frm_partnerdaten","status":"publish","type":"page","link":"https:\/\/www.msfaktura.de\/hilfe-version-4\/startseite\/unterformulare\/dataview_frm_partnerdaten\/","title":{"rendered":"Partnerdaten"},"content":{"rendered":"<p><a href=\"http:\/\/www.msfaktura.de\/hilfe-version-4\/wp-content\/uploads\/sites\/6\/2022\/04\/Partnerdaten.png\" rel=\"lightbox[294]\"><img loading=\"lazy\" decoding=\"async\" class=\"alignnone wp-image-2126 size-full\" src=\"http:\/\/www.msfaktura.de\/hilfe-version-4\/wp-content\/uploads\/sites\/6\/2022\/04\/Partnerdaten.png\" alt=\"\" width=\"961\" height=\"530\" srcset=\"https:\/\/www.msfaktura.de\/hilfe-version-4\/wp-content\/uploads\/sites\/6\/2022\/04\/Partnerdaten.png 961w, https:\/\/www.msfaktura.de\/hilfe-version-4\/wp-content\/uploads\/sites\/6\/2022\/04\/Partnerdaten-300x165.png 300w, https:\/\/www.msfaktura.de\/hilfe-version-4\/wp-content\/uploads\/sites\/6\/2022\/04\/Partnerdaten-768x424.png 768w, https:\/\/www.msfaktura.de\/hilfe-version-4\/wp-content\/uploads\/sites\/6\/2022\/04\/Partnerdaten-672x372.png 672w\" sizes=\"auto, (max-width: 961px) 100vw, 961px\" \/><\/a><\/p>\n<p class=\"bodytext\">Unterformular zum Anzeigen und Bearbeiten von Partnern.<\/p>\n<p class=\"bodytext\">Dieses Formular wird im Hauptformular Partnermanager&nbsp; im Quadrant 1 angezeigt.<\/p>\n<p>Neu ist das Feld Info, in welchem sie einem Kunden z.B. Eigenschaften und zus\u00e4tzliche Infos zuordnen k\u00f6nnen.<\/p>\n<p class=\"bodytext\">Befehlsschaltfl\u00e4chen oben:<\/p>\n<ul>\n<li>&#8222;Schlie\u00dfen&#8220;:<i> schlie\u00dft die Formularinstanz<\/i><\/li>\n<li>&#8222;Neu&#8220;: l<i>egt nach Abfrage einer Partnerbezeichnung einen neuen Partner an<\/i><\/li>\n<li>&#8222;L\u00f6schen&#8220;: <i>l\u00f6scht nach Nachfrage den ausgew\u00e4hlten Partner<\/i><\/li>\n<\/ul>\n<p class=\"bodytext\">Felder:<\/p>\n<ul>\n<li>Sortierung : <i>stellt die Sortierungsart im darunter liegenden Listenfeld ein<\/i><\/li>\n<li>Partner-Nr: <i>nach Eingabe einer g\u00fcltigen Partnernummer wird der&nbsp;<\/i><i>entsprechende Partner angezeigt<\/i><\/li>\n<li>Suchtext: <i>nach Eingabe eines Suchtextes werden die entsprechenden Partner angezeigt<\/i><\/li>\n<li>Listenfeld: <i>zeigt die der Filterung (&#8222;Sortierung&#8220;, &#8222;Partner-Nr&#8220; und &#8222;Suchtext&#8220;) entsprechenden Partner an<\/i><\/li>\n<li>Partner-Nr.: <i>Nummer des Partners (fortlaufend)<\/i><\/li>\n<li>Partner-Bez.: <i>Bezeichnung des Partners<\/i><\/li>\n<\/ul>\n","protected":false},"excerpt":{"rendered":"<p>Unterformular zum Anzeigen und Bearbeiten von Partnern. Dieses Formular wird im Hauptformular Partnermanager&nbsp; im Quadrant 1 angezeigt. Neu ist das Feld Info, in welchem sie einem Kunden z.B. Eigenschaften und zus\u00e4tzliche Infos zuordnen k\u00f6nnen. Befehlsschaltfl\u00e4chen oben: &#8222;Schlie\u00dfen&#8220;: schlie\u00dft die Formularinstanz &#8222;Neu&#8220;: legt nach Abfrage einer Partnerbezeichnung einen neuen Partner an &#8222;L\u00f6schen&#8220;: l\u00f6scht nach Nachfrage den &hellip; <a href=\"https:\/\/www.msfaktura.de\/hilfe-version-4\/startseite\/unterformulare\/dataview_frm_partnerdaten\/\" class=\"more-link\"><span class=\"screen-reader-text\">Partnerdaten<\/span> weiterlesen <span class=\"meta-nav\">&rarr;<\/span><\/a><\/p>\n","protected":false},"author":2,"featured_media":0,"parent":362,"menu_order":0,"comment_status":"closed","ping_status":"closed","template":"","meta":{"ngg_post_thumbnail":0,"footnotes":""},"class_list":["post-294","page","type-page","status-publish","hentry"],"_links":{"self":[{"href":"https:\/\/www.msfaktura.de\/hilfe-version-4\/wp-json\/wp\/v2\/pages\/294","targetHints":{"allow":["GET"]}}],"collection":[{"href":"https:\/\/www.msfaktura.de\/hilfe-version-4\/wp-json\/wp\/v2\/pages"}],"about":[{"href":"https:\/\/www.msfaktura.de\/hilfe-version-4\/wp-json\/wp\/v2\/types\/page"}],"author":[{"embeddable":true,"href":"https:\/\/www.msfaktura.de\/hilfe-version-4\/wp-json\/wp\/v2\/users\/2"}],"replies":[{"embeddable":true,"href":"https:\/\/www.msfaktura.de\/hilfe-version-4\/wp-json\/wp\/v2\/comments?post=294"}],"version-history":[{"count":11,"href":"https:\/\/www.msfaktura.de\/hilfe-version-4\/wp-json\/wp\/v2\/pages\/294\/revisions"}],"predecessor-version":[{"id":2127,"href":"https:\/\/www.msfaktura.de\/hilfe-version-4\/wp-json\/wp\/v2\/pages\/294\/revisions\/2127"}],"up":[{"embeddable":true,"href":"https:\/\/www.msfaktura.de\/hilfe-version-4\/wp-json\/wp\/v2\/pages\/362"}],"wp:attachment":[{"href":"https:\/\/www.msfaktura.de\/hilfe-version-4\/wp-json\/wp\/v2\/media?parent=294"}],"curies":[{"name":"wp","href":"https:\/\/api.w.org\/{rel}","templated":true}]}}