{"id":272,"date":"2016-03-10T11:27:53","date_gmt":"2016-03-10T11:27:53","guid":{"rendered":"http:\/\/www.msfaktura.de\/hilfe-version-4\/?page_id=272"},"modified":"2020-05-12T13:32:41","modified_gmt":"2020-05-12T13:32:41","slug":"dataview_frm_dokmanagement","status":"publish","type":"page","link":"https:\/\/www.msfaktura.de\/hilfe-version-4\/startseite\/hauptformulare\/dataview_frm_dokmanagement\/","title":{"rendered":"Dokumentmanagement \u00dcbersicht"},"content":{"rendered":"<p><img loading=\"lazy\" decoding=\"async\" class=\"aligncenter wp-image-1399 size-medium\" src=\"http:\/\/www.msfaktura.de\/hilfe-version-4\/wp-content\/uploads\/sites\/5\/2020\/05\/Partnermanager-Dokumentmanagement-3-ul-300x281.png\" alt=\"\" width=\"300\" height=\"281\" srcset=\"https:\/\/www.msfaktura.de\/hilfe-version-4\/wp-content\/uploads\/sites\/6\/2020\/05\/Partnermanager-Dokumentmanagement-3-ul-300x281.png 300w, https:\/\/www.msfaktura.de\/hilfe-version-4\/wp-content\/uploads\/sites\/6\/2020\/05\/Partnermanager-Dokumentmanagement-3-ul.png 484w\" sizes=\"auto, (max-width: 300px) 100vw, 300px\" \/><\/p>\n<p class=\"bodytext\">Hauptformular zum Anzeigen und Bearbeiten aller vorhandenen Dokumente.<\/p>\n<p class=\"bodytext\">Dieses Formular ist \u00fcber das <a href=\"http:\/\/www.msfaktura.de\/hilfe-version-4\/startseite\/hauptformulare\/hauptmenu\/\">Hauptmenu <\/a>zu erreichen.<\/p>\n<p class=\"bodytext\">Befehlsschaltfl\u00e4chen oben:<\/p>\n<ul>\n<li>&#8222;Neu&#8220;: legt nach Nachfrage ein neues Dokument an und \u00f6ffnet dann das Formular &#8222;Dokumentdetails&#8220;<\/li>\n<li>&#8222;L\u00f6schen&#8220;: l\u00f6scht nach Nachfrage das ausgew\u00e4hlte Dokument<\/li>\n<li>&#8222;Details&#8220;: \u00f6ffnet das Formular &#8222;Dokumentdetails&#8220;<\/li>\n<\/ul>\n<p class=\"bodytext\">Felder:<\/p>\n<ul>\n<li>Listenfeld oben links: <i>Filterfeld zum Sortieren der Dokumente nach Dokumentenart<\/i><\/li>\n<li>Listenfeld oben rechts: <i>Liste aller Dokumente (nach Filterung)<\/i><\/li>\n<li>Unterformular unten: <i>Unterformular &#8222;Dokumentvorschau&#8220; zum Anzeigen der Dokumentdatei<\/i><\/li>\n<\/ul>\n<p>&nbsp;<\/p>\n","protected":false},"excerpt":{"rendered":"<p>Hauptformular zum Anzeigen und Bearbeiten aller vorhandenen Dokumente. Dieses Formular ist \u00fcber das Hauptmenu zu erreichen. Befehlsschaltfl\u00e4chen oben: &#8222;Neu&#8220;: legt nach Nachfrage ein neues Dokument an und \u00f6ffnet dann das Formular &#8222;Dokumentdetails&#8220; &#8222;L\u00f6schen&#8220;: l\u00f6scht nach Nachfrage das ausgew\u00e4hlte Dokument &#8222;Details&#8220;: \u00f6ffnet das Formular &#8222;Dokumentdetails&#8220; Felder: Listenfeld oben links: Filterfeld zum Sortieren der Dokumente nach Dokumentenart &hellip; <a href=\"https:\/\/www.msfaktura.de\/hilfe-version-4\/startseite\/hauptformulare\/dataview_frm_dokmanagement\/\" class=\"more-link\"><span class=\"screen-reader-text\">Dokumentmanagement \u00dcbersicht<\/span> weiterlesen <span class=\"meta-nav\">&rarr;<\/span><\/a><\/p>\n","protected":false},"author":2,"featured_media":0,"parent":360,"menu_order":0,"comment_status":"closed","ping_status":"closed","template":"","meta":{"ngg_post_thumbnail":0,"footnotes":""},"class_list":["post-272","page","type-page","status-publish","hentry"],"_links":{"self":[{"href":"https:\/\/www.msfaktura.de\/hilfe-version-4\/wp-json\/wp\/v2\/pages\/272","targetHints":{"allow":["GET"]}}],"collection":[{"href":"https:\/\/www.msfaktura.de\/hilfe-version-4\/wp-json\/wp\/v2\/pages"}],"about":[{"href":"https:\/\/www.msfaktura.de\/hilfe-version-4\/wp-json\/wp\/v2\/types\/page"}],"author":[{"embeddable":true,"href":"https:\/\/www.msfaktura.de\/hilfe-version-4\/wp-json\/wp\/v2\/users\/2"}],"replies":[{"embeddable":true,"href":"https:\/\/www.msfaktura.de\/hilfe-version-4\/wp-json\/wp\/v2\/comments?post=272"}],"version-history":[{"count":6,"href":"https:\/\/www.msfaktura.de\/hilfe-version-4\/wp-json\/wp\/v2\/pages\/272\/revisions"}],"predecessor-version":[{"id":1400,"href":"https:\/\/www.msfaktura.de\/hilfe-version-4\/wp-json\/wp\/v2\/pages\/272\/revisions\/1400"}],"up":[{"embeddable":true,"href":"https:\/\/www.msfaktura.de\/hilfe-version-4\/wp-json\/wp\/v2\/pages\/360"}],"wp:attachment":[{"href":"https:\/\/www.msfaktura.de\/hilfe-version-4\/wp-json\/wp\/v2\/media?parent=272"}],"curies":[{"name":"wp","href":"https:\/\/api.w.org\/{rel}","templated":true}]}}