{"id":270,"date":"2016-03-10T11:25:44","date_gmt":"2016-03-10T11:25:44","guid":{"rendered":"http:\/\/www.msfaktura.de\/hilfe-version-4\/?page_id=270"},"modified":"2022-04-25T11:21:56","modified_gmt":"2022-04-25T11:21:56","slug":"dataview_frm_anschriften","status":"publish","type":"page","link":"https:\/\/www.msfaktura.de\/hilfe-version-4\/startseite\/unterformulare\/dataview_frm_anschriften\/","title":{"rendered":"Anschriften"},"content":{"rendered":"<p><img loading=\"lazy\" decoding=\"async\" class=\"aligncenter wp-image-1395 size-medium\" src=\"http:\/\/www.msfaktura.de\/hilfe-version-4\/wp-content\/uploads\/sites\/5\/2020\/05\/Partnermanager-Anschriften-3-300x282.png\" alt=\"\" width=\"300\" height=\"282\" srcset=\"https:\/\/www.msfaktura.de\/hilfe-version-4\/wp-content\/uploads\/sites\/6\/2020\/05\/Partnermanager-Anschriften-3-300x282.png 300w, https:\/\/www.msfaktura.de\/hilfe-version-4\/wp-content\/uploads\/sites\/6\/2020\/05\/Partnermanager-Anschriften-3.png 482w\" sizes=\"auto, (max-width: 300px) 100vw, 300px\" \/><\/p>\n<p>Unterformular zum Anzeigen und Bearbeiten von Anschriften.<\/p>\n<p>W\u00e4hlen sie hier die Form aus in welcher die Adresse auf Belegen etc. angezeigt werden soll.<br \/>\nmsFaktura stellt ihnen Vorlagen zu Verf\u00fcgung, die nicht bearbeitet werden k\u00f6nnen, um die Anschrift zu personalisieren legen sie eine eigene Anschrift an.<\/p>\n<p>Befehlsschaltfl\u00e4chen oben:<\/p>\n<ul>\n<li>&#8222;Neu&#8220;: legt eine neue Anschrift an in ihrer gew\u00fcnschten Form<\/li>\n<li>&#8222;L\u00f6schen&#8220;: l\u00f6scht die gew\u00e4hlte Anschrift<\/li>\n<li>&#8222;Details&#8220;: sehen sie sich die Anschrift genauer an<\/li>\n<\/ul>\n","protected":false},"excerpt":{"rendered":"<p>Unterformular zum Anzeigen und Bearbeiten von Anschriften. W\u00e4hlen sie hier die Form aus in welcher die Adresse auf Belegen etc. angezeigt werden soll. msFaktura stellt ihnen Vorlagen zu Verf\u00fcgung, die nicht bearbeitet werden k\u00f6nnen, um die Anschrift zu personalisieren legen sie eine eigene Anschrift an. Befehlsschaltfl\u00e4chen oben: &#8222;Neu&#8220;: legt eine neue Anschrift an in ihrer &hellip; <a href=\"https:\/\/www.msfaktura.de\/hilfe-version-4\/startseite\/unterformulare\/dataview_frm_anschriften\/\" class=\"more-link\"><span class=\"screen-reader-text\">Anschriften<\/span> weiterlesen <span class=\"meta-nav\">&rarr;<\/span><\/a><\/p>\n","protected":false},"author":2,"featured_media":0,"parent":362,"menu_order":0,"comment_status":"closed","ping_status":"closed","template":"","meta":{"ngg_post_thumbnail":0,"footnotes":""},"class_list":["post-270","page","type-page","status-publish","hentry"],"_links":{"self":[{"href":"https:\/\/www.msfaktura.de\/hilfe-version-4\/wp-json\/wp\/v2\/pages\/270","targetHints":{"allow":["GET"]}}],"collection":[{"href":"https:\/\/www.msfaktura.de\/hilfe-version-4\/wp-json\/wp\/v2\/pages"}],"about":[{"href":"https:\/\/www.msfaktura.de\/hilfe-version-4\/wp-json\/wp\/v2\/types\/page"}],"author":[{"embeddable":true,"href":"https:\/\/www.msfaktura.de\/hilfe-version-4\/wp-json\/wp\/v2\/users\/2"}],"replies":[{"embeddable":true,"href":"https:\/\/www.msfaktura.de\/hilfe-version-4\/wp-json\/wp\/v2\/comments?post=270"}],"version-history":[{"count":7,"href":"https:\/\/www.msfaktura.de\/hilfe-version-4\/wp-json\/wp\/v2\/pages\/270\/revisions"}],"predecessor-version":[{"id":2145,"href":"https:\/\/www.msfaktura.de\/hilfe-version-4\/wp-json\/wp\/v2\/pages\/270\/revisions\/2145"}],"up":[{"embeddable":true,"href":"https:\/\/www.msfaktura.de\/hilfe-version-4\/wp-json\/wp\/v2\/pages\/362"}],"wp:attachment":[{"href":"https:\/\/www.msfaktura.de\/hilfe-version-4\/wp-json\/wp\/v2\/media?parent=270"}],"curies":[{"name":"wp","href":"https:\/\/api.w.org\/{rel}","templated":true}]}}