{"id":2190,"date":"2022-04-25T15:12:32","date_gmt":"2022-04-25T15:12:32","guid":{"rendered":"https:\/\/www.msfaktura.de\/hilfe-version-4\/?page_id=2190"},"modified":"2022-04-25T15:21:55","modified_gmt":"2022-04-25T15:21:55","slug":"pm_frm_uebersicht","status":"publish","type":"page","link":"https:\/\/www.msfaktura.de\/hilfe-version-4\/startseite\/hauptformulare\/pm_frm_uebersicht\/","title":{"rendered":"Aufgabenmanager"},"content":{"rendered":"<p><a href=\"http:\/\/www.msfaktura.de\/hilfe-version-4\/wp-content\/uploads\/sites\/6\/2022\/04\/aufgabenmanager-1.png\" rel=\"lightbox[2190]\"><img loading=\"lazy\" decoding=\"async\" class=\"alignnone wp-image-2193 size-full\" src=\"http:\/\/www.msfaktura.de\/hilfe-version-4\/wp-content\/uploads\/sites\/6\/2022\/04\/aufgabenmanager-1.png\" alt=\"\" width=\"1917\" height=\"1035\" srcset=\"https:\/\/www.msfaktura.de\/hilfe-version-4\/wp-content\/uploads\/sites\/6\/2022\/04\/aufgabenmanager-1.png 1917w, https:\/\/www.msfaktura.de\/hilfe-version-4\/wp-content\/uploads\/sites\/6\/2022\/04\/aufgabenmanager-1-300x162.png 300w, https:\/\/www.msfaktura.de\/hilfe-version-4\/wp-content\/uploads\/sites\/6\/2022\/04\/aufgabenmanager-1-1024x553.png 1024w, https:\/\/www.msfaktura.de\/hilfe-version-4\/wp-content\/uploads\/sites\/6\/2022\/04\/aufgabenmanager-1-768x415.png 768w, https:\/\/www.msfaktura.de\/hilfe-version-4\/wp-content\/uploads\/sites\/6\/2022\/04\/aufgabenmanager-1-1536x829.png 1536w\" sizes=\"auto, (max-width: 1917px) 100vw, 1917px\" \/><\/a><\/p>\n<p>Der Aufgabenmanager ist \u00fcber das Hauptmen\u00fc zu erreichen.<br \/>\nHier k\u00f6nnen sie Aufgaben f\u00fcr sich selbst oder andere Mitarbeiter erstellen und verwalten.&nbsp;<\/p>\n<p>Oben Links k\u00f6nnen sie die angezeigten Aufgaben filtern bzw. gruppieren um eine detailliertere \u00dcbersicht \u00fcber alle Aufgaben zu erhalten.&nbsp;<\/p>\n<p>In der linken Leiste sehen sie die Filter\/Gruppierungsergebnisse.&nbsp;<\/p>\n<p>Schaltfl\u00e4che oben:&nbsp;<br \/>\n&#8222;Schlie\u00dfen&#8220;: schlie\u00dft das Formular<br \/>\n&#8222;Neuer Aufgabenkomplex&#8220;: erstellen sie einen neuen Aufgabenkomplex, diesen k\u00f6nnen sie einem Projekt zuordnen und auf Vorlagen zur\u00fcckgreifen<br \/>\n<a href=\"http:\/\/www.msfaktura.de\/hilfe-version-4\/wp-content\/uploads\/sites\/6\/2022\/04\/neuaufgabeko0mpoelx.png\" rel=\"lightbox[2190]\"><img loading=\"lazy\" decoding=\"async\" class=\"alignnone wp-image-2192 size-medium\" src=\"http:\/\/www.msfaktura.de\/hilfe-version-4\/wp-content\/uploads\/sites\/6\/2022\/04\/neuaufgabeko0mpoelx-300x105.png\" alt=\"\" width=\"300\" height=\"105\" srcset=\"https:\/\/www.msfaktura.de\/hilfe-version-4\/wp-content\/uploads\/sites\/6\/2022\/04\/neuaufgabeko0mpoelx-300x105.png 300w, https:\/\/www.msfaktura.de\/hilfe-version-4\/wp-content\/uploads\/sites\/6\/2022\/04\/neuaufgabeko0mpoelx.png 593w\" sizes=\"auto, (max-width: 300px) 100vw, 300px\" \/><\/a><\/p>\n<p>&#8222;neue einfache Aufgabe&#8220;: Erstellen sie eine Aufgabe f\u00fcr sich oder einen Mitarbeiter ohne Zuweisung zu einem Projekt<\/p>\n<p>&nbsp;<\/p>\n","protected":false},"excerpt":{"rendered":"<p>Der Aufgabenmanager ist \u00fcber das Hauptmen\u00fc zu erreichen. Hier k\u00f6nnen sie Aufgaben f\u00fcr sich selbst oder andere Mitarbeiter erstellen und verwalten.&nbsp; Oben Links k\u00f6nnen sie die angezeigten Aufgaben filtern bzw. gruppieren um eine detailliertere \u00dcbersicht \u00fcber alle Aufgaben zu erhalten.&nbsp; In der linken Leiste sehen sie die Filter\/Gruppierungsergebnisse.&nbsp; Schaltfl\u00e4che oben:&nbsp; &#8222;Schlie\u00dfen&#8220;: schlie\u00dft das Formular &#8222;Neuer &hellip; <a href=\"https:\/\/www.msfaktura.de\/hilfe-version-4\/startseite\/hauptformulare\/pm_frm_uebersicht\/\" class=\"more-link\"><span class=\"screen-reader-text\">Aufgabenmanager<\/span> weiterlesen <span class=\"meta-nav\">&rarr;<\/span><\/a><\/p>\n","protected":false},"author":7,"featured_media":0,"parent":360,"menu_order":0,"comment_status":"closed","ping_status":"closed","template":"","meta":{"ngg_post_thumbnail":0,"footnotes":""},"class_list":["post-2190","page","type-page","status-publish","hentry"],"_links":{"self":[{"href":"https:\/\/www.msfaktura.de\/hilfe-version-4\/wp-json\/wp\/v2\/pages\/2190","targetHints":{"allow":["GET"]}}],"collection":[{"href":"https:\/\/www.msfaktura.de\/hilfe-version-4\/wp-json\/wp\/v2\/pages"}],"about":[{"href":"https:\/\/www.msfaktura.de\/hilfe-version-4\/wp-json\/wp\/v2\/types\/page"}],"author":[{"embeddable":true,"href":"https:\/\/www.msfaktura.de\/hilfe-version-4\/wp-json\/wp\/v2\/users\/7"}],"replies":[{"embeddable":true,"href":"https:\/\/www.msfaktura.de\/hilfe-version-4\/wp-json\/wp\/v2\/comments?post=2190"}],"version-history":[{"count":1,"href":"https:\/\/www.msfaktura.de\/hilfe-version-4\/wp-json\/wp\/v2\/pages\/2190\/revisions"}],"predecessor-version":[{"id":2194,"href":"https:\/\/www.msfaktura.de\/hilfe-version-4\/wp-json\/wp\/v2\/pages\/2190\/revisions\/2194"}],"up":[{"embeddable":true,"href":"https:\/\/www.msfaktura.de\/hilfe-version-4\/wp-json\/wp\/v2\/pages\/360"}],"wp:attachment":[{"href":"https:\/\/www.msfaktura.de\/hilfe-version-4\/wp-json\/wp\/v2\/media?parent=2190"}],"curies":[{"name":"wp","href":"https:\/\/api.w.org\/{rel}","templated":true}]}}