{"id":2186,"date":"2022-04-25T15:04:32","date_gmt":"2022-04-25T15:04:32","guid":{"rendered":"https:\/\/www.msfaktura.de\/hilfe-version-4\/?page_id=2186"},"modified":"2022-04-26T09:02:19","modified_gmt":"2022-04-26T09:02:19","slug":"konstr_frm_geometrie","status":"publish","type":"page","link":"https:\/\/www.msfaktura.de\/hilfe-version-4\/startseite\/hauptformulare\/produktmanager\/konstr_frm_geometrie\/","title":{"rendered":"Konstruktion bearbeiten"},"content":{"rendered":"<p><a href=\"http:\/\/www.msfaktura.de\/hilfe-version-4\/wp-content\/uploads\/sites\/6\/2022\/04\/Konstruktion.png\" rel=\"lightbox[2186]\"><img loading=\"lazy\" decoding=\"async\" class=\"alignnone size-full wp-image-2187\" src=\"http:\/\/www.msfaktura.de\/hilfe-version-4\/wp-content\/uploads\/sites\/6\/2022\/04\/Konstruktion.png\" alt=\"\" width=\"1920\" height=\"1037\" srcset=\"https:\/\/www.msfaktura.de\/hilfe-version-4\/wp-content\/uploads\/sites\/6\/2022\/04\/Konstruktion.png 1920w, https:\/\/www.msfaktura.de\/hilfe-version-4\/wp-content\/uploads\/sites\/6\/2022\/04\/Konstruktion-300x162.png 300w, https:\/\/www.msfaktura.de\/hilfe-version-4\/wp-content\/uploads\/sites\/6\/2022\/04\/Konstruktion-1024x553.png 1024w, https:\/\/www.msfaktura.de\/hilfe-version-4\/wp-content\/uploads\/sites\/6\/2022\/04\/Konstruktion-768x415.png 768w, https:\/\/www.msfaktura.de\/hilfe-version-4\/wp-content\/uploads\/sites\/6\/2022\/04\/Konstruktion-1536x830.png 1536w\" sizes=\"auto, (max-width: 1920px) 100vw, 1920px\" \/><\/a><\/p>\n<p>Bearbeiten sie hier ihre Konstruktion intuitiv direkt in der Grafik ihres zu bearbeitenden Objekts (siehe oben F1.1). Sie k\u00f6nnen interne Ma\u00dfe, Form und vieles mehr direkt anpassen.&nbsp;<br \/>\nDie Au\u00dfenma\u00dfe passen sie weiterhin im Produktmanager an.<\/p>\n<p>Schaltfl\u00e4che oben:<br \/>\n&#8222;Speichern und Schlie\u00dfen&#8220;: speichert ihre Konstruktion ab und schlie\u00dft das Fenster und kehrt zur\u00fcck<br \/>\n&#8222;Abbrechen&#8220;: verwirft ungespeicherte \u00c4nderungen und kehrt zur\u00fcck<br \/>\n&#8222;Neu&#8220;: Legen sie ein neues Element an zu ihrem ausgew\u00e4hlten Element<br \/>\n&#8222;Details&#8220;: zeigt die Details zu ihrem ausgew\u00e4hlten Element an<br \/>\n&#8222;L\u00f6schen&#8220;: l\u00f6scht das aktuell ausgew\u00e4hlte Element<\/p>\n<p>&nbsp;<\/p>\n<p>Video (gilt sowohl f\u00fcr v3 als auch v4):&nbsp;<\/p>\n<p><iframe loading=\"lazy\" title=\"msFaktura v3: Das neue Konstruktionssystem\" width=\"474\" height=\"267\" src=\"https:\/\/www.youtube.com\/embed\/QEGolw-vc0g?feature=oembed\" frameborder=\"0\" allow=\"accelerometer; autoplay; clipboard-write; encrypted-media; gyroscope; picture-in-picture; web-share\" referrerpolicy=\"strict-origin-when-cross-origin\" allowfullscreen><\/iframe><\/p>\n","protected":false},"excerpt":{"rendered":"<p>Bearbeiten sie hier ihre Konstruktion intuitiv direkt in der Grafik ihres zu bearbeitenden Objekts (siehe oben F1.1). Sie k\u00f6nnen interne Ma\u00dfe, Form und vieles mehr direkt anpassen.&nbsp; Die Au\u00dfenma\u00dfe passen sie weiterhin im Produktmanager an. Schaltfl\u00e4che oben: &#8222;Speichern und Schlie\u00dfen&#8220;: speichert ihre Konstruktion ab und schlie\u00dft das Fenster und kehrt zur\u00fcck &#8222;Abbrechen&#8220;: verwirft ungespeicherte \u00c4nderungen &hellip; <a href=\"https:\/\/www.msfaktura.de\/hilfe-version-4\/startseite\/hauptformulare\/produktmanager\/konstr_frm_geometrie\/\" class=\"more-link\"><span class=\"screen-reader-text\">Konstruktion bearbeiten<\/span> weiterlesen <span class=\"meta-nav\">&rarr;<\/span><\/a><\/p>\n","protected":false},"author":7,"featured_media":0,"parent":390,"menu_order":0,"comment_status":"closed","ping_status":"closed","template":"","meta":{"ngg_post_thumbnail":0,"footnotes":""},"class_list":["post-2186","page","type-page","status-publish","hentry"],"_links":{"self":[{"href":"https:\/\/www.msfaktura.de\/hilfe-version-4\/wp-json\/wp\/v2\/pages\/2186","targetHints":{"allow":["GET"]}}],"collection":[{"href":"https:\/\/www.msfaktura.de\/hilfe-version-4\/wp-json\/wp\/v2\/pages"}],"about":[{"href":"https:\/\/www.msfaktura.de\/hilfe-version-4\/wp-json\/wp\/v2\/types\/page"}],"author":[{"embeddable":true,"href":"https:\/\/www.msfaktura.de\/hilfe-version-4\/wp-json\/wp\/v2\/users\/7"}],"replies":[{"embeddable":true,"href":"https:\/\/www.msfaktura.de\/hilfe-version-4\/wp-json\/wp\/v2\/comments?post=2186"}],"version-history":[{"count":2,"href":"https:\/\/www.msfaktura.de\/hilfe-version-4\/wp-json\/wp\/v2\/pages\/2186\/revisions"}],"predecessor-version":[{"id":2195,"href":"https:\/\/www.msfaktura.de\/hilfe-version-4\/wp-json\/wp\/v2\/pages\/2186\/revisions\/2195"}],"up":[{"embeddable":true,"href":"https:\/\/www.msfaktura.de\/hilfe-version-4\/wp-json\/wp\/v2\/pages\/390"}],"wp:attachment":[{"href":"https:\/\/www.msfaktura.de\/hilfe-version-4\/wp-json\/wp\/v2\/media?parent=2186"}],"curies":[{"name":"wp","href":"https:\/\/api.w.org\/{rel}","templated":true}]}}