{"id":953,"date":"2017-04-27T08:16:17","date_gmt":"2017-04-27T08:16:17","guid":{"rendered":"http:\/\/www.msfaktura.de\/hilfe-version-3\/?page_id=953"},"modified":"2020-12-02T12:52:43","modified_gmt":"2020-12-02T12:52:43","slug":"auf_frm_ausgabe","status":"publish","type":"page","link":"https:\/\/www.msfaktura.de\/hilfe-version-3\/startseite\/detailformulare\/auf_frm_ausgabe\/","title":{"rendered":"Beleg-Details"},"content":{"rendered":"<div class=\"wpb-content-wrapper\"><p>[vc_row][vc_column][vc_column_text]<a class=\"glossaryLink cmtt_System\" href=\"http:\/\/www.msfaktura.de\/hilfe-version-3\/msfglossary\/detail-und-hilfsformular\/\" data-tooltip=\"&lt;div class=glossaryItemTitle&gt;Detail- und Hilfsformular&lt;\/div&gt;Als Detail- und Hilfsformulare werden Formulare im msFaktura-Kontext bezeichnet, welche eigenst\u00e4ndig ge\u00f6ffnet werden k\u00f6nnen und welche zus\u00e4tzliche Daten oder Dateien zu im Hauptformularen angezeigten Dateien dem Benutzer zug\u00e4nglich machen. Daneben k\u00f6nnen Detail- und Hilfsformulare als den Benutzer bei der eingabe von Daten unterst\u00fctzen\">Detail- und Hilfsformular<\/a> zum Anzeigen und Bearbeiten von Belegdaten.<\/p>\n<p>Dieses Formular ist erreichbar \u00fcber das Unterformular <a href=\"http:\/\/www.msfaktura.de\/hilfe-version-3\/startseite\/unterformulare\/dataview_frm_belege\/\">Belege<\/a>. Dieses steht Ihnen wiederum sowohl im Partnermanager als auch im Produktmanager zur Verf\u00fcgung.<\/p>\n<p><strong>Registerkarten<\/strong><\/p>\n<p>Reiter <em><strong>Basisdaten<\/strong><\/em>[\/vc_column_text][vc_single_image image=&#8220;1381&#8243; img_size=&#8220;full&#8220; onclick=&#8220;link_image&#8220;][\/vc_column][\/vc_row][vc_row][vc_column][vc_column_text]Felder:<\/p>\n<ul>\n<li><strong>Datum<\/strong>: es wird automatisch das Erstelldatum des Beleges eingetragen<\/li>\n<li><strong>Titel<\/strong>: Sie haben die M\u00f6glichkeit, dem Beleg einen beliebigen Titel\u00a0zu geben\u00a0oder aber einen Titel aus der Liste auszuw\u00e4hlen<\/li>\n<li><strong>Bearbeiter<\/strong>: hier k\u00f6nnen Sie einen Sachbearbeiter ausw\u00e4hlen, der\u00a0auf diesem Beleg erscheinen soll. Diesem muss im Partnermanager die Partnerrolle Mitarbeiter zugeordnet sein.<\/li>\n<li><strong>Anschrift<\/strong>: Auswahl der Anschrift f\u00fcr den Adressaten<\/li>\n<li><strong>Briefkopf<\/strong>: an dieser Stelle wird der firmenbezogene Briefbogen eingebunden.<\/li>\n<li><strong>Einleitung<\/strong>: dieser Text wird nach der Gru\u00dfformel angezeigt.<\/li>\n<li><strong>Titel 2<\/strong>: produktbezogener Zusatztitel. Diese \u00dcberschrift geht Ihrem Beleg voraus.<\/li>\n<li><strong>Vortext<\/strong>:<br \/>\ndieser Text erscheint vor den einzelnen Positionen. An dieser Stelle steht Ihnen die Befehlsschaltfl\u00e4che Standard-Texte zur Verf\u00fcgung.<\/li>\n<li><strong>Bild<\/strong>:<br \/>\nhier k\u00f6nnen Sie ein Bild einbinden, welches immer neben dem Vortext erscheint.<\/li>\n<li><strong>Fu\u00df1<\/strong>:<br \/>\ndieser Text wird direkt unterhalb des Beleges angezeigt, noch vor der Gru\u00dfformel. Er ist standardm\u00e4\u00dfig vorgesehen f\u00fcr Zahlungsbedingungen, wird aber auf dem\u00a0Lieferschein\u00a0ausgeblendet. Hier haben Sie wieder die M\u00f6glichkeit, Standardtexte einzubinden.<br \/>\nWenn Sie auf Variablen-Info klicken, sehen Sie, welche Variablen Ihnen an dieser Stelle zur Verf\u00fcgung stehen.<\/li>\n<\/ul>\n<p>Reiter <strong><em>Verwaltung<\/em><\/strong>[\/vc_column_text][vc_single_image image=&#8220;958&#8243; img_size=&#8220;full&#8220; onclick=&#8220;link_image&#8220;][vc_column_text]Felder:<\/p>\n<ul>\n<li><strong>Belegart<\/strong>: Sie haben die M\u00f6glichkeit, die Belegart aus der Liste auszuw\u00e4hlen<\/li>\n<li><strong>Standard-Vorlage<\/strong>: (gilt nur f\u00fcr Vorlagen:) diese\u00a0Vorlage wird in Zukunft als Standard-Vorlage angeboten, wenn das H\u00e4kchen gesetzt ist<\/li>\n<li><strong>[glossary_exclude]Beleg[\/glossary_exclude]-Nr.<\/strong>: interne Nummer des Beleges<\/li>\n<li><strong>Eltern-[glossary_exclude]Beleg[\/glossary_exclude]-Nr<\/strong>.: hier steht standardm\u00e4\u00dfig die Nummer des Elternbeleges<\/li>\n<li><strong>Beleg-Kategorie<\/strong>:<\/li>\n<li><strong>Vorlage nach Kd-Art<\/strong>: (gilt nur f\u00fcr Vorlagen:) w\u00e4hlen Sie hier eine Kunden-Art aus, dient diese Vorlage nur f\u00fcr diese Kunden<\/li>\n<li><strong>[glossary_exclude]Beleg[\/glossary_exclude]-Bez.<\/strong>: Sie k\u00f6nnen einen beliebige Bezeichnung \u00a0f\u00fcr Ihren Beleg vergeben<\/li>\n<li><strong>Positionsdaten<\/strong>: Positionsdaten werden standardm\u00e4\u00dfig gespeichert<\/li>\n<li><strong>Skonto in %<\/strong>: tragen Sie an dieser Stelle, den gew\u00e4hrten Skonto ein. Der Wert wird automatisch in einer Variablen gespeichert, die Sie wiederum in <em><strong>Fu\u00df-1<\/strong><\/em> oder<em><strong> Fu\u00df-2<\/strong><\/em>\u00a0im Beleg als Text ausgeben k\u00f6nnen<\/li>\n<li><strong>[glossary_exclude]Rabatt[\/glossary_exclude] in %<\/strong>:<br \/>\nwenn Sie ein [glossary_exclude]Rabatt[\/glossary_exclude] gew\u00e4hren wollen, tragen Sie eine Prozentzahl ein. Dieser [glossary_exclude]Rabatt[\/glossary_exclude] wird von der Netto-Endsumme abgezogen<\/li>\n<li><strong>[glossary_exclude]Rabatt[\/glossary_exclude]-Text (30 Zeichen)<\/strong>: dieser Text ersetzt das Wort &#8222;[glossary_exclude]Rabatt[\/glossary_exclude]&#8220;<\/li>\n<li><strong>Abzugsbetrag<\/strong>: Betrag, der brutto oder netto von der Belegsumme abgezogen wird<\/li>\n<li><strong>Abzugsart<\/strong>: Sie k\u00f6nnen ausw\u00e4hlen, ob der Abzugsbetrag von der Netto- oder von der Brutto-Belegsumme abgezogen werden soll<\/li>\n<li><strong>Abzugstext (75 Zeichen)<\/strong>: ersetzt den Text &#8222;Auftragsanzahlung&#8220;<\/li>\n<li><strong>Pauschalpreis<\/strong>:<br \/>\nwenn Sie hier einen Preis eingeben, werden s\u00e4mtliche Einzelpreise ausgeblendet. Die Netto-Endsumme entspricht dann Ihrem Pauschalpreis<\/li>\n<li><strong>[glossary_exclude]Faktor[\/glossary_exclude]<\/strong>: Sie k\u00f6nnen mit dem eingegebenen Wert die Preise manipulieren, es werden alle Preise mit diesem [glossary_exclude]Faktor[\/glossary_exclude] multipliziert<\/li>\n<li><strong>Formeln<\/strong>:<br \/>\nan dieser Stelle k\u00f6nnen Sie eigene Variablen festlegen<\/li>\n<li><strong>Bericht<\/strong> Sie k\u00f6nnen w\u00e4hlen, ob Sie einen Standardbeleg, eine Detailkalkulation oder einen Lieferschein erstellen wollen<\/li>\n<li><strong>Bildsteuerung<\/strong>\u00a0hiermit k\u00f6nnen Sie die Konstruktionsbilder ausblenden<\/li>\n<li><strong>Preisdarstellung<\/strong><br \/>\nSie k\u00f6nnen w\u00e4hlen, ob Sie alle Einzelpreise, nur die Positionssummen oder nur die Endsummen ausgeben wollen. Standardm\u00e4\u00dfig werden alle Einzelpreise eingeblendet<\/li>\n<li><strong>Preis\/Element anzeigen<\/strong> der Durchschnittspreis einer Position wird unter der Position eingeblendet<\/li>\n<li><strong>Ohne Bild: einr\u00fccken<\/strong><br \/>\nlegt fest, ob bei Position ohne Bild der Text einger\u00fcckt werden soll oder nicht<\/li>\n<li><strong>Gruppierung<\/strong> die Anzeige der Kategorie kann mit dieser Auswahl ausgeblendet werden<\/li>\n<li><strong>Mengen\/Dim-Summen<\/strong> Sie k\u00f6nnen einstellen, ob Sie eine Mengen-\u00dcbersicht ausgeben wollen. Diese wird unter dem Belegsummenbereich im Berichtsfu\u00df ausgegeben<\/li>\n<li><strong>[glossary_exclude]Beleg[\/glossary_exclude]-Auftragsnr<\/strong>: die Auftragsnummer des Beleges, diese wird im Berichtskopf angezeigt<\/li>\n<li><strong>[glossary_exclude]Beleg[\/glossary_exclude]-Re.-Nr<\/strong>: interne Nummer, die bei der Rechnungserstellung vergeben wird<\/li>\n<li><strong>Partner-Nr<\/strong> w\u00e4hlen Sie den Adressaten f\u00fcr Ihren Beleg aus. Standardm\u00e4\u00dfig wird der Adressat aus der Briefvorlage ausgegeben<\/li>\n<li><strong>\u00dcber-Nummerieren<\/strong> w\u00e4hlen Sie &#8222;Ja&#8220; aus, wenn nach L\u00f6schen von Positionen im Beleg neu nummeriert werden soll<\/li>\n<li><strong>Mit Positionen<\/strong> Sie haben die M\u00f6glichkeit, einen Beleg ohne die Ausgabe von Positionen zu erstellen<\/li>\n<li><strong>W\u00e4hrung<\/strong>: hier k\u00f6nnen Sie alternativ eine andere W\u00e4hrung w\u00e4hlen<\/li>\n<li><strong>W\u00e4hrungs-[glossary_exclude]Faktor[\/glossary_exclude]<\/strong>: den W\u00e4hrungsfaktor k\u00f6nnen Sie an dieser Stelle anpassen<\/li>\n<li><strong>[glossary_exclude]Beleg[\/glossary_exclude] (pdf) erstellt am<\/strong>: Erstelldatum und -uhrzeit<\/li>\n<\/ul>\n<p>Reiter <em><strong>Alternativen<\/strong><br \/>\n<\/em>Unterformular zum Anzeigen und Bearbeiten von Angebotsalternativen.<br \/>\nDieses Formular finden Sie <a href=\"http:\/\/www.msfaktura.de\/hilfe-version-3\/startseite\/unterformulare\/dataview_frm_ausgabealternativen\/\">hier<\/a>.<\/p>\n<p>Reiter <em><strong>Belegpositionen<\/strong><\/em><br \/>\nUnterformular zum Anzeigen und Bearbeiten von Belegpositionen.<br \/>\nDieses Formular finden Sie <a href=\"http:\/\/www.msfaktura.de\/hilfe-version-3\/startseite\/unterformulare\/dataview_frm_belegpositionen2014\/\">hier<\/a>.<\/p>\n<p><iframe loading=\"lazy\" src=\"https:\/\/www.youtube.com\/embed\/AesYk4kgSo0\" width=\"560\" height=\"315\" frameborder=\"0\" allowfullscreen=\"allowfullscreen\"><\/iframe><\/p>\n<p>Video: Das Belegsystem von msFaktura[\/vc_column_text][\/vc_column][\/vc_row]<\/p>\n<\/div>","protected":false},"excerpt":{"rendered":"<p>[vc_row][vc_column][vc_column_text]Detail- und Hilfsformular zum Anzeigen und Bearbeiten von Belegdaten. Dieses Formular ist erreichbar \u00fcber das Unterformular Belege. Dieses steht Ihnen wiederum sowohl im Partnermanager als auch im Produktmanager zur Verf\u00fcgung. Registerkarten Reiter Basisdaten[\/vc_column_text][vc_single_image image=&#8220;1381&#8243; img_size=&#8220;full&#8220; onclick=&#8220;link_image&#8220;][\/vc_column][\/vc_row][vc_row][vc_column][vc_column_text]Felder: Datum: es wird automatisch das Erstelldatum des Beleges eingetragen Titel: Sie haben die M\u00f6glichkeit, dem Beleg einen beliebigen Titel\u00a0zu &hellip; <a href=\"https:\/\/www.msfaktura.de\/hilfe-version-3\/startseite\/detailformulare\/auf_frm_ausgabe\/\" class=\"more-link\"><span class=\"screen-reader-text\">Beleg-Details<\/span> weiterlesen <span class=\"meta-nav\">&rarr;<\/span><\/a><\/p>\n","protected":false},"author":5,"featured_media":0,"parent":364,"menu_order":0,"comment_status":"closed","ping_status":"closed","template":"","meta":{"ngg_post_thumbnail":0,"footnotes":""},"class_list":["post-953","page","type-page","status-publish","hentry"],"_links":{"self":[{"href":"https:\/\/www.msfaktura.de\/hilfe-version-3\/wp-json\/wp\/v2\/pages\/953","targetHints":{"allow":["GET"]}}],"collection":[{"href":"https:\/\/www.msfaktura.de\/hilfe-version-3\/wp-json\/wp\/v2\/pages"}],"about":[{"href":"https:\/\/www.msfaktura.de\/hilfe-version-3\/wp-json\/wp\/v2\/types\/page"}],"author":[{"embeddable":true,"href":"https:\/\/www.msfaktura.de\/hilfe-version-3\/wp-json\/wp\/v2\/users\/5"}],"replies":[{"embeddable":true,"href":"https:\/\/www.msfaktura.de\/hilfe-version-3\/wp-json\/wp\/v2\/comments?post=953"}],"version-history":[{"count":14,"href":"https:\/\/www.msfaktura.de\/hilfe-version-3\/wp-json\/wp\/v2\/pages\/953\/revisions"}],"predecessor-version":[{"id":1788,"href":"https:\/\/www.msfaktura.de\/hilfe-version-3\/wp-json\/wp\/v2\/pages\/953\/revisions\/1788"}],"up":[{"embeddable":true,"href":"https:\/\/www.msfaktura.de\/hilfe-version-3\/wp-json\/wp\/v2\/pages\/364"}],"wp:attachment":[{"href":"https:\/\/www.msfaktura.de\/hilfe-version-3\/wp-json\/wp\/v2\/media?parent=953"}],"curies":[{"name":"wp","href":"https:\/\/api.w.org\/{rel}","templated":true}]}}