{"id":920,"date":"2017-04-26T09:17:21","date_gmt":"2017-04-26T09:17:21","guid":{"rendered":"http:\/\/www.msfaktura.de\/hilfe-version-3\/?page_id=920"},"modified":"2020-05-18T12:41:04","modified_gmt":"2020-05-18T12:41:04","slug":"dataview_frm_partmandbk","status":"publish","type":"page","link":"https:\/\/www.msfaktura.de\/hilfe-version-3\/startseite\/unterformulare\/dataview_frm_partmandbk\/","title":{"rendered":"Briefb\u00f6gen"},"content":{"rendered":"<div class=\"wpb-content-wrapper\"><p>[vc_row][vc_column][vc_single_image image=&#8220;1488&#8243; img_size=&#8220;full&#8220; onclick=&#8220;link_image&#8220;][\/vc_column][\/vc_row][vc_row][vc_column][vc_column_text]Unterformular zum Anzeigen und Bearbeiten von Briefb\u00f6gen.<br \/>\nZu finden unter <strong><em>Einstellungen &gt; Briefb\u00f6gen<\/em><\/strong><\/p>\n<p>Befehlsschaltfl\u00e4chen oben:<\/p>\n<ul>\n<li>&#8222;Schlie\u00dfen&#8220;: schlie\u00dft das Formular<\/li>\n<li>&#8222;Neu&#8220;: erstellt einen neuen Briefbogen<\/li>\n<li>&#8222;L\u00f6schen&#8220;: l\u00f6scht den gew\u00e4hlten Briefbogen<\/li>\n<\/ul>\n<p><strong>Registerkarten<\/strong><\/p>\n<p>Reiter <strong><em>Briefbogen-Daten<\/em><\/strong>:<br \/>\nFelder:<\/p>\n<ul>\n<li><strong>Mandant<\/strong>: hier wird der auftragsbezogene Mandant eingegeben<\/li>\n<li><strong>Logo-Datei<\/strong>: an dieser Stelle k\u00f6nnen Sie Ihr Firmenlogo hochladen<\/li>\n<li><strong>Seitentitel (ab S.2)<\/strong>: firmenbezogener Seitentitel (Firmenname, Slogan) &#8211; optional<\/li>\n<li><strong>Info-Text<\/strong>: Firmeninfos (z.B. E-Mail, Telefon) wird im Briefkopf oben rechts angezeigt<\/li>\n<li><strong>Briefkopf <\/strong>: Fu\u00df1 \u2013 Fu\u00df-4:<br \/>\nDie Fu\u00dfzeile des Briefbogens ist unterteilt in 4 [glossary_exclude]Spalten[\/glossary_exclude]. Dort k\u00f6nnen Sie firmenbezogene Informationen hinterlegen. Empfohlen wird hierbei eine kleinere Schriftgr\u00f6\u00dfe (i.d.R. Schriftgr\u00f6\u00dfe 8)<\/li>\n<\/ul>\n<p>Reiter <strong><em>Konfiguration<\/em><\/strong><em>:<\/em><br \/>\ndient zur Konfiguration des mit dem [glossary_exclude]Briefbogen [\/glossary_exclude]verkn\u00fcpften Beleges.<br \/>\nWie Sie einen Beleg konfigurieren erfahren Sie <a href=\"http:\/\/www.msfaktura.de\/hilfe-version-3\/briefbogen-konfiguration\/\">hier<\/a>\u00a0bei den Anleitungen.[\/vc_column_text][\/vc_column][\/vc_row]<\/p>\n<\/div>","protected":false},"excerpt":{"rendered":"<p>[vc_row][vc_column][vc_single_image image=&#8220;1488&#8243; img_size=&#8220;full&#8220; onclick=&#8220;link_image&#8220;][\/vc_column][\/vc_row][vc_row][vc_column][vc_column_text]Unterformular zum Anzeigen und Bearbeiten von Briefb\u00f6gen. Zu finden unter Einstellungen &gt; Briefb\u00f6gen Befehlsschaltfl\u00e4chen oben: &#8222;Schlie\u00dfen&#8220;: schlie\u00dft das Formular &#8222;Neu&#8220;: erstellt einen neuen Briefbogen &#8222;L\u00f6schen&#8220;: l\u00f6scht den gew\u00e4hlten Briefbogen Registerkarten Reiter Briefbogen-Daten: Felder: Mandant: hier wird der auftragsbezogene Mandant eingegeben Logo-Datei: an dieser Stelle k\u00f6nnen Sie Ihr Firmenlogo hochladen Seitentitel (ab S.2): &hellip; <a href=\"https:\/\/www.msfaktura.de\/hilfe-version-3\/startseite\/unterformulare\/dataview_frm_partmandbk\/\" class=\"more-link\"><span class=\"screen-reader-text\">Briefb\u00f6gen<\/span> weiterlesen <span class=\"meta-nav\">&rarr;<\/span><\/a><\/p>\n","protected":false},"author":5,"featured_media":0,"parent":362,"menu_order":0,"comment_status":"closed","ping_status":"closed","template":"","meta":{"ngg_post_thumbnail":0,"footnotes":""},"class_list":["post-920","page","type-page","status-publish","hentry"],"_links":{"self":[{"href":"https:\/\/www.msfaktura.de\/hilfe-version-3\/wp-json\/wp\/v2\/pages\/920","targetHints":{"allow":["GET"]}}],"collection":[{"href":"https:\/\/www.msfaktura.de\/hilfe-version-3\/wp-json\/wp\/v2\/pages"}],"about":[{"href":"https:\/\/www.msfaktura.de\/hilfe-version-3\/wp-json\/wp\/v2\/types\/page"}],"author":[{"embeddable":true,"href":"https:\/\/www.msfaktura.de\/hilfe-version-3\/wp-json\/wp\/v2\/users\/5"}],"replies":[{"embeddable":true,"href":"https:\/\/www.msfaktura.de\/hilfe-version-3\/wp-json\/wp\/v2\/comments?post=920"}],"version-history":[{"count":17,"href":"https:\/\/www.msfaktura.de\/hilfe-version-3\/wp-json\/wp\/v2\/pages\/920\/revisions"}],"predecessor-version":[{"id":1489,"href":"https:\/\/www.msfaktura.de\/hilfe-version-3\/wp-json\/wp\/v2\/pages\/920\/revisions\/1489"}],"up":[{"embeddable":true,"href":"https:\/\/www.msfaktura.de\/hilfe-version-3\/wp-json\/wp\/v2\/pages\/362"}],"wp:attachment":[{"href":"https:\/\/www.msfaktura.de\/hilfe-version-3\/wp-json\/wp\/v2\/media?parent=920"}],"curies":[{"name":"wp","href":"https:\/\/api.w.org\/{rel}","templated":true}]}}