{"id":865,"date":"2017-04-25T12:41:19","date_gmt":"2017-04-25T12:41:19","guid":{"rendered":"http:\/\/www.msfaktura.de\/hilfe-version-3\/?page_id=865"},"modified":"2020-05-19T12:39:52","modified_gmt":"2020-05-19T12:39:52","slug":"dataview_frm_waehrungen","status":"publish","type":"page","link":"https:\/\/www.msfaktura.de\/hilfe-version-3\/startseite\/unterformulare\/dataview_frm_waehrungen\/","title":{"rendered":"W\u00e4hrungen"},"content":{"rendered":"<p><img loading=\"lazy\" decoding=\"async\" class=\"aligncenter wp-image-1559 size-large\" src=\"http:\/\/www.msfaktura.de\/hilfe-version-3\/wp-content\/uploads\/sites\/5\/2020\/05\/W\u00e4hrungen-3-1024x750.jpg\" alt=\"\" width=\"474\" height=\"347\" srcset=\"https:\/\/www.msfaktura.de\/hilfe-version-3\/wp-content\/uploads\/sites\/5\/2020\/05\/W\u00e4hrungen-3-1024x750.jpg 1024w, https:\/\/www.msfaktura.de\/hilfe-version-3\/wp-content\/uploads\/sites\/5\/2020\/05\/W\u00e4hrungen-3-300x220.jpg 300w, https:\/\/www.msfaktura.de\/hilfe-version-3\/wp-content\/uploads\/sites\/5\/2020\/05\/W\u00e4hrungen-3-768x562.jpg 768w, https:\/\/www.msfaktura.de\/hilfe-version-3\/wp-content\/uploads\/sites\/5\/2020\/05\/W\u00e4hrungen-3.jpg 1280w\" sizes=\"auto, (max-width: 474px) 100vw, 474px\" \/><\/p>\n<p>Unterformular zum Anzeigen und Bearbeiten von\u00a0W\u00e4hrungen.<\/p>\n<p>Die gew\u00e4hlte Systemw\u00e4hrung findet standardm\u00e4\u00dfig programmweite Verwendung.<\/p>\n<p class=\"bodytext\">Befehlsschaltfl\u00e4chen oben:<\/p>\n<ul>\n<li>&#8222;Schlie\u00dfen&#8220;: schlie\u00dft das Formular<\/li>\n<li>&#8222;Neu&#8220;: erstellt eine neue W\u00e4hrung<\/li>\n<li>&#8222;L\u00f6schen&#8220;: l\u00f6scht die gew\u00e4hlte W\u00e4hrung<\/li>\n<\/ul>\n","protected":false},"excerpt":{"rendered":"<p>Unterformular zum Anzeigen und Bearbeiten von\u00a0W\u00e4hrungen. Die gew\u00e4hlte Systemw\u00e4hrung findet standardm\u00e4\u00dfig programmweite Verwendung. Befehlsschaltfl\u00e4chen oben: &#8222;Schlie\u00dfen&#8220;: schlie\u00dft das Formular &#8222;Neu&#8220;: erstellt eine neue W\u00e4hrung &#8222;L\u00f6schen&#8220;: l\u00f6scht die gew\u00e4hlte W\u00e4hrung<\/p>\n","protected":false},"author":2,"featured_media":0,"parent":362,"menu_order":0,"comment_status":"closed","ping_status":"closed","template":"","meta":{"ngg_post_thumbnail":0,"footnotes":""},"class_list":["post-865","page","type-page","status-publish","hentry"],"_links":{"self":[{"href":"https:\/\/www.msfaktura.de\/hilfe-version-3\/wp-json\/wp\/v2\/pages\/865","targetHints":{"allow":["GET"]}}],"collection":[{"href":"https:\/\/www.msfaktura.de\/hilfe-version-3\/wp-json\/wp\/v2\/pages"}],"about":[{"href":"https:\/\/www.msfaktura.de\/hilfe-version-3\/wp-json\/wp\/v2\/types\/page"}],"author":[{"embeddable":true,"href":"https:\/\/www.msfaktura.de\/hilfe-version-3\/wp-json\/wp\/v2\/users\/2"}],"replies":[{"embeddable":true,"href":"https:\/\/www.msfaktura.de\/hilfe-version-3\/wp-json\/wp\/v2\/comments?post=865"}],"version-history":[{"count":4,"href":"https:\/\/www.msfaktura.de\/hilfe-version-3\/wp-json\/wp\/v2\/pages\/865\/revisions"}],"predecessor-version":[{"id":1564,"href":"https:\/\/www.msfaktura.de\/hilfe-version-3\/wp-json\/wp\/v2\/pages\/865\/revisions\/1564"}],"up":[{"embeddable":true,"href":"https:\/\/www.msfaktura.de\/hilfe-version-3\/wp-json\/wp\/v2\/pages\/362"}],"wp:attachment":[{"href":"https:\/\/www.msfaktura.de\/hilfe-version-3\/wp-json\/wp\/v2\/media?parent=865"}],"curies":[{"name":"wp","href":"https:\/\/api.w.org\/{rel}","templated":true}]}}