{"id":555,"date":"2016-03-14T10:15:33","date_gmt":"2016-03-14T10:15:33","guid":{"rendered":"http:\/\/www.msfaktura.de\/hilfe-version-3\/?page_id=555"},"modified":"2016-03-14T11:51:45","modified_gmt":"2016-03-14T11:51:45","slug":"dokumentmanagement","status":"publish","type":"page","link":"https:\/\/www.msfaktura.de\/hilfe-version-3\/startseite\/unterformulare\/dokumentmanagement\/","title":{"rendered":"Dokumentmanagement"},"content":{"rendered":"<p><a href=\"https:\/\/www.msfaktura.de\/hilfe-version-3\/wp-content\/uploads\/sites\/5\/2016\/03\/dokumentmanagement_DataView_frm_DokManagement-1.png\"  rel=\"lightbox[555] attachment wp-att-556\"><img loading=\"lazy\" decoding=\"async\" class=\"alignnone size-medium wp-image-556\" src=\"https:\/\/www.msfaktura.de\/hilfe-version-3\/wp-content\/uploads\/sites\/5\/2016\/03\/dokumentmanagement_DataView_frm_DokManagement-1-300x214.png\" alt=\"dokumentmanagement_DataView_frm_DokManagement\" width=\"300\" height=\"214\" srcset=\"https:\/\/www.msfaktura.de\/hilfe-version-3\/wp-content\/uploads\/sites\/5\/2016\/03\/dokumentmanagement_DataView_frm_DokManagement-1-300x214.png 300w, https:\/\/www.msfaktura.de\/hilfe-version-3\/wp-content\/uploads\/sites\/5\/2016\/03\/dokumentmanagement_DataView_frm_DokManagement-1.png 635w\" sizes=\"auto, (max-width: 300px) 100vw, 300px\" \/><\/a><\/p>\n<p class=\"bodytext\">Unterformular zum Anzeigen und Bearbeiten von Dokumenten im Rahmen des Dokumentmanagementes.<\/p>\n<p class=\"bodytext\">Diese Daten sind partner- oder auftragsbezogen.<\/p>\n<p class=\"bodytext\">Dieses Formular wird im Hauptformular\u00a0Partnermanager im Quadrant 2 und 4 angezeigt.<\/p>\n<p class=\"bodytext\">Befehlsschaltfl\u00e4chen oben:<\/p>\n<ul>\n<li>&#8222;Neu&#8220;: legt nach Nachfrage ein neues Dokument an und \u00f6ffnet dann das Formular &#8222;Dokumentdetails&#8220;<\/li>\n<li>&#8222;L\u00f6schen&#8220;: l\u00f6scht nach Nachfrage das ausgew\u00e4hlte Dokument<\/li>\n<li>&#8222;Details&#8220;: \u00f6ffnet das Formular &#8222;Dokumentdetails&#8220;<\/li>\n<\/ul>\n<p class=\"bodytext\">Felder:<\/p>\n<ul>\n<li>Listenfeld oben links: <i>Filterfeld zum Sortieren der Dokumente nach Dokumentenart<\/i><\/li>\n<li>Listenfeld oben rechts: <i>Liste aller Dokumente (nach Filterung)<\/i><\/li>\n<li>Unterformular unten: <i>Unterformular &#8222;Dokumentvorschau&#8220; zum Anzeigen der Dokumentdatei<\/i><\/li>\n<\/ul>\n","protected":false},"excerpt":{"rendered":"<p>Unterformular zum Anzeigen und Bearbeiten von Dokumenten im Rahmen des Dokumentmanagementes. Diese Daten sind partner- oder auftragsbezogen. Dieses Formular wird im Hauptformular\u00a0Partnermanager im Quadrant 2 und 4 angezeigt. Befehlsschaltfl\u00e4chen oben: &#8222;Neu&#8220;: legt nach Nachfrage ein neues Dokument an und \u00f6ffnet dann das Formular &#8222;Dokumentdetails&#8220; &#8222;L\u00f6schen&#8220;: l\u00f6scht nach Nachfrage das ausgew\u00e4hlte Dokument &#8222;Details&#8220;: \u00f6ffnet das Formular &hellip; <a href=\"https:\/\/www.msfaktura.de\/hilfe-version-3\/startseite\/unterformulare\/dokumentmanagement\/\" class=\"more-link\"><span class=\"screen-reader-text\">Dokumentmanagement<\/span> weiterlesen <span class=\"meta-nav\">&rarr;<\/span><\/a><\/p>\n","protected":false},"author":2,"featured_media":0,"parent":362,"menu_order":0,"comment_status":"closed","ping_status":"closed","template":"","meta":{"ngg_post_thumbnail":0,"footnotes":""},"class_list":["post-555","page","type-page","status-publish","hentry"],"_links":{"self":[{"href":"https:\/\/www.msfaktura.de\/hilfe-version-3\/wp-json\/wp\/v2\/pages\/555","targetHints":{"allow":["GET"]}}],"collection":[{"href":"https:\/\/www.msfaktura.de\/hilfe-version-3\/wp-json\/wp\/v2\/pages"}],"about":[{"href":"https:\/\/www.msfaktura.de\/hilfe-version-3\/wp-json\/wp\/v2\/types\/page"}],"author":[{"embeddable":true,"href":"https:\/\/www.msfaktura.de\/hilfe-version-3\/wp-json\/wp\/v2\/users\/2"}],"replies":[{"embeddable":true,"href":"https:\/\/www.msfaktura.de\/hilfe-version-3\/wp-json\/wp\/v2\/comments?post=555"}],"version-history":[{"count":2,"href":"https:\/\/www.msfaktura.de\/hilfe-version-3\/wp-json\/wp\/v2\/pages\/555\/revisions"}],"predecessor-version":[{"id":582,"href":"https:\/\/www.msfaktura.de\/hilfe-version-3\/wp-json\/wp\/v2\/pages\/555\/revisions\/582"}],"up":[{"embeddable":true,"href":"https:\/\/www.msfaktura.de\/hilfe-version-3\/wp-json\/wp\/v2\/pages\/362"}],"wp:attachment":[{"href":"https:\/\/www.msfaktura.de\/hilfe-version-3\/wp-json\/wp\/v2\/media?parent=555"}],"curies":[{"name":"wp","href":"https:\/\/api.w.org\/{rel}","templated":true}]}}