{"id":522,"date":"2016-03-11T13:22:23","date_gmt":"2016-03-11T13:22:23","guid":{"rendered":"http:\/\/www.msfaktura.de\/hilfe-version-3\/?page_id=522"},"modified":"2020-05-18T12:49:15","modified_gmt":"2020-05-18T12:49:15","slug":"konstr_ufrm_fepfosten","status":"publish","type":"page","link":"https:\/\/www.msfaktura.de\/hilfe-version-3\/startseite\/unterformulare\/konstr_ufrm_fepfosten\/","title":{"rendered":"Pfostendetails"},"content":{"rendered":"<p><img loading=\"lazy\" decoding=\"async\" class=\"aligncenter wp-image-1494 size-medium\" src=\"http:\/\/www.msfaktura.de\/hilfe-version-3\/wp-content\/uploads\/sites\/5\/2020\/05\/Konstruktionen-V2-Details-Pfosten-3-300x218.jpg\" alt=\"\" width=\"300\" height=\"218\" srcset=\"https:\/\/www.msfaktura.de\/hilfe-version-3\/wp-content\/uploads\/sites\/5\/2020\/05\/Konstruktionen-V2-Details-Pfosten-3-300x218.jpg 300w, https:\/\/www.msfaktura.de\/hilfe-version-3\/wp-content\/uploads\/sites\/5\/2020\/05\/Konstruktionen-V2-Details-Pfosten-3-1024x744.jpg 1024w, https:\/\/www.msfaktura.de\/hilfe-version-3\/wp-content\/uploads\/sites\/5\/2020\/05\/Konstruktionen-V2-Details-Pfosten-3-768x558.jpg 768w, https:\/\/www.msfaktura.de\/hilfe-version-3\/wp-content\/uploads\/sites\/5\/2020\/05\/Konstruktionen-V2-Details-Pfosten-3.jpg 1053w\" sizes=\"auto, (max-width: 300px) 100vw, 300px\" \/><\/p>\n<p class=\"bodytext\">Unterformular zum Anzeigen und Bearbeiten von Pfostendaten einer Fensterkonstruktion.<\/p>\n<p class=\"bodytext\">Dieses Formular wird im Detail- und Hilfsformular &#8222;Fensterkonstruktion&#8220; in der Registerkarte &#8222;Aufteilung: Pfosten&#8220; angezeigt.<\/p>\n<p class=\"bodytext\">Befehlsschaltfl\u00e4chen unten (nach klicken wird die Fensterkonstruktion neu gezeichnet):<\/p>\n<ul>\n<li>&#8222;1\/2&#8220;: tr\u00e4gt in das Feld &#8222;Abstand von Links&#8220; den Wert 0,5 ein.<\/li>\n<li>&#8222;1\/3&#8220;: tr\u00e4gt in das Feld &#8222;Abstand von Links&#8220; den Wert 0,333 ein.<\/li>\n<li>&#8222;1\/4&#8220;: tr\u00e4gt in das Feld &#8222;Abstand von Links&#8220; den Wert 0,25 ein.<\/li>\n<li>&#8222;1\/5&#8220;: tr\u00e4gt in das Feld &#8222;Abstand von Links&#8220; den Wert 0,2 ein.<\/li>\n<li>&#8222;3\/5&#8220;: tr\u00e4gt in das Feld &#8222;Abstand von Links&#8220; den Wert 0,6 ein.<\/li>\n<li>&#8222;2\/3&#8220;: tr\u00e4gt in das Feld &#8222;Abstand von Links&#8220; den Wert 0,666 ein.<\/li>\n<li>&#8222;3\/4&#8220;: tr\u00e4gt in das Feld &#8222;Abstand von Links&#8220; den Wert 0,75 ein.<\/li>\n<li>&#8222;2\/5&#8220;: tr\u00e4gt in das Feld &#8222;Abstand von Links&#8220; den Wert 0,4 ein.<\/li>\n<li>&#8222;4\/5&#8220;: tr\u00e4gt in das Feld &#8222;Abstand von Links&#8220; den Wert 0,8 ein.<\/li>\n<\/ul>\n<p class=\"bodytext\">Felder:<\/p>\n<ul>\n<li>Pfosten-Art: Auswahl der K\u00e4mpferart: (Standard-Pfosten, Stulp-1 oder Stulp-2)<\/li>\n<li>Abstand von Links: Eingabewerte gr\u00f6\u00dfer 1: Abstand in mm von der linken Blendrahmenkante bis zur Mitte des Pfostens. Eingabewerte kleiner 1 und gr\u00f6\u00dfer 0: Abstand als Verh\u00e4ltnisfaktor zur Breite der Fensterkonstruktion von der linken Blendrahmenkante zur Mitte des Pfostens (z.B. : 0,5 bedeutet, dass der K\u00e4mpfer genau in der Mitte der Fensterkonstruktion eingezeichnet wird)<\/li>\n<\/ul>\n","protected":false},"excerpt":{"rendered":"<p>Unterformular zum Anzeigen und Bearbeiten von Pfostendaten einer Fensterkonstruktion. Dieses Formular wird im Detail- und Hilfsformular &#8222;Fensterkonstruktion&#8220; in der Registerkarte &#8222;Aufteilung: Pfosten&#8220; angezeigt. Befehlsschaltfl\u00e4chen unten (nach klicken wird die Fensterkonstruktion neu gezeichnet): &#8222;1\/2&#8220;: tr\u00e4gt in das Feld &#8222;Abstand von Links&#8220; den Wert 0,5 ein. &#8222;1\/3&#8220;: tr\u00e4gt in das Feld &#8222;Abstand von Links&#8220; den Wert 0,333 &hellip; <a href=\"https:\/\/www.msfaktura.de\/hilfe-version-3\/startseite\/unterformulare\/konstr_ufrm_fepfosten\/\" class=\"more-link\"><span class=\"screen-reader-text\">Pfostendetails<\/span> weiterlesen <span class=\"meta-nav\">&rarr;<\/span><\/a><\/p>\n","protected":false},"author":2,"featured_media":0,"parent":362,"menu_order":0,"comment_status":"closed","ping_status":"closed","template":"","meta":{"ngg_post_thumbnail":0,"footnotes":""},"class_list":["post-522","page","type-page","status-publish","hentry"],"_links":{"self":[{"href":"https:\/\/www.msfaktura.de\/hilfe-version-3\/wp-json\/wp\/v2\/pages\/522","targetHints":{"allow":["GET"]}}],"collection":[{"href":"https:\/\/www.msfaktura.de\/hilfe-version-3\/wp-json\/wp\/v2\/pages"}],"about":[{"href":"https:\/\/www.msfaktura.de\/hilfe-version-3\/wp-json\/wp\/v2\/types\/page"}],"author":[{"embeddable":true,"href":"https:\/\/www.msfaktura.de\/hilfe-version-3\/wp-json\/wp\/v2\/users\/2"}],"replies":[{"embeddable":true,"href":"https:\/\/www.msfaktura.de\/hilfe-version-3\/wp-json\/wp\/v2\/comments?post=522"}],"version-history":[{"count":3,"href":"https:\/\/www.msfaktura.de\/hilfe-version-3\/wp-json\/wp\/v2\/pages\/522\/revisions"}],"predecessor-version":[{"id":1495,"href":"https:\/\/www.msfaktura.de\/hilfe-version-3\/wp-json\/wp\/v2\/pages\/522\/revisions\/1495"}],"up":[{"embeddable":true,"href":"https:\/\/www.msfaktura.de\/hilfe-version-3\/wp-json\/wp\/v2\/pages\/362"}],"wp:attachment":[{"href":"https:\/\/www.msfaktura.de\/hilfe-version-3\/wp-json\/wp\/v2\/media?parent=522"}],"curies":[{"name":"wp","href":"https:\/\/api.w.org\/{rel}","templated":true}]}}