{"id":420,"date":"2016-03-11T09:46:18","date_gmt":"2016-03-11T09:46:18","guid":{"rendered":"http:\/\/www.msfaktura.de\/hilfe-version-3\/?page_id=420"},"modified":"2020-05-12T14:57:57","modified_gmt":"2020-05-12T14:57:57","slug":"pl_frm_excelimport","status":"publish","type":"page","link":"https:\/\/www.msfaktura.de\/hilfe-version-3\/startseite\/detailformulare\/pl_frm_excelimport\/","title":{"rendered":"Excel-Import"},"content":{"rendered":"<p><img loading=\"lazy\" decoding=\"async\" class=\"aligncenter wp-image-1442 size-medium\" src=\"http:\/\/www.msfaktura.de\/hilfe-version-3\/wp-content\/uploads\/sites\/5\/2020\/05\/Excel-Import-3-1-300x208.jpg\" alt=\"\" width=\"300\" height=\"208\" srcset=\"https:\/\/www.msfaktura.de\/hilfe-version-3\/wp-content\/uploads\/sites\/5\/2020\/05\/Excel-Import-3-1-300x208.jpg 300w, https:\/\/www.msfaktura.de\/hilfe-version-3\/wp-content\/uploads\/sites\/5\/2020\/05\/Excel-Import-3-1-1024x711.jpg 1024w, https:\/\/www.msfaktura.de\/hilfe-version-3\/wp-content\/uploads\/sites\/5\/2020\/05\/Excel-Import-3-1-768x533.jpg 768w, https:\/\/www.msfaktura.de\/hilfe-version-3\/wp-content\/uploads\/sites\/5\/2020\/05\/Excel-Import-3-1.jpg 1090w\" sizes=\"auto, (max-width: 300px) 100vw, 300px\" \/><\/p>\n<p class=\"bodytext\">Detail- und Hilfsformular zum Import von in Excel-Dateien gespeicherten Daten in Preismatritzen.<\/p>\n<p class=\"bodytext\">Dieses Formular erreicht man \u00fcber das Detail- und Hilfsformular &#8222;Matrixdaten&#8220; und \u00fcber das Unterformular Kalkulationsgraph im Preilistenmanager (oben rechts).<\/p>\n<p class=\"bodytext\">F\u00fcr einen funktionierenden Import m\u00fcssen die Excel-Daten ein bestimmtes Format aufweisen:<a href=\"http:\/\/www.msfaktura.de\/hilfe-version-3\/startseite\/detailformulare\/pl_frm_excelimport_format-info\/\">\u00a0Excel-Format-Info<\/a><\/p>\n<p class=\"bodytext\">Befehlsschaltfl\u00e4chen unten:<\/p>\n<ul>\n<li>&#8222;Abbrechen&#8220;: schlie\u00dft das Formular<\/li>\n<li>&#8222;Format-Info&#8220;: \u00f6ffnet das Formular &#8222;Tabellenimport-Info&#8220;<\/li>\n<li>&#8222;Daten \u00dcbernehmen&#8220;: \u00dcbernimmt nach Nachfrage die Daten in die Preismatritze<\/li>\n<\/ul>\n<p class=\"bodytext\">Befehlsschaltfl\u00e4chen oben:<\/p>\n<ul>\n<li>&#8222;&#8230;(gelbe schaltfl\u00e4che)&#8220;: \u00f6ffnet ein Dateiauswahlformular<\/li>\n<li>&#8222;Daten L\u00f6schen&#8220;: l\u00f6scht die Daten im Tabellenfeld &#8222;zu \u00fcbernehmende Daten&#8220;<\/li>\n<li>&#8222;Daten Einlesen&#8220; liest die Daten aus ausgew\u00e4hlten Excel-Tabellen in das Tabellenfeld &#8222;zu \u00fcbernehmende Daten&#8220;<\/li>\n<\/ul>\n<p class=\"bodytext\">Felder :<\/p>\n<ul>\n<li>Import-Tabelle:<i> Datenpfad zur Excel-Datei<\/i><\/li>\n<li>zu \u00fcbernehmende Daten: <i>zwischengespeicherte Daten aus der ausgew\u00e4hlten Excel-Tabelle zum \u00dcberpr\u00fcfen<\/i><\/li>\n<\/ul>\n","protected":false},"excerpt":{"rendered":"<p>Detail- und Hilfsformular zum Import von in Excel-Dateien gespeicherten Daten in Preismatritzen. Dieses Formular erreicht man \u00fcber das Detail- und Hilfsformular &#8222;Matrixdaten&#8220; und \u00fcber das Unterformular Kalkulationsgraph im Preilistenmanager (oben rechts). F\u00fcr einen funktionierenden Import m\u00fcssen die Excel-Daten ein bestimmtes Format aufweisen:\u00a0Excel-Format-Info Befehlsschaltfl\u00e4chen unten: &#8222;Abbrechen&#8220;: schlie\u00dft das Formular &#8222;Format-Info&#8220;: \u00f6ffnet das Formular &#8222;Tabellenimport-Info&#8220; &#8222;Daten \u00dcbernehmen&#8220;: &hellip; <a href=\"https:\/\/www.msfaktura.de\/hilfe-version-3\/startseite\/detailformulare\/pl_frm_excelimport\/\" class=\"more-link\"><span class=\"screen-reader-text\">Excel-Import<\/span> weiterlesen <span class=\"meta-nav\">&rarr;<\/span><\/a><\/p>\n","protected":false},"author":2,"featured_media":0,"parent":364,"menu_order":0,"comment_status":"closed","ping_status":"closed","template":"","meta":{"ngg_post_thumbnail":0,"footnotes":""},"class_list":["post-420","page","type-page","status-publish","hentry"],"_links":{"self":[{"href":"https:\/\/www.msfaktura.de\/hilfe-version-3\/wp-json\/wp\/v2\/pages\/420","targetHints":{"allow":["GET"]}}],"collection":[{"href":"https:\/\/www.msfaktura.de\/hilfe-version-3\/wp-json\/wp\/v2\/pages"}],"about":[{"href":"https:\/\/www.msfaktura.de\/hilfe-version-3\/wp-json\/wp\/v2\/types\/page"}],"author":[{"embeddable":true,"href":"https:\/\/www.msfaktura.de\/hilfe-version-3\/wp-json\/wp\/v2\/users\/2"}],"replies":[{"embeddable":true,"href":"https:\/\/www.msfaktura.de\/hilfe-version-3\/wp-json\/wp\/v2\/comments?post=420"}],"version-history":[{"count":7,"href":"https:\/\/www.msfaktura.de\/hilfe-version-3\/wp-json\/wp\/v2\/pages\/420\/revisions"}],"predecessor-version":[{"id":1443,"href":"https:\/\/www.msfaktura.de\/hilfe-version-3\/wp-json\/wp\/v2\/pages\/420\/revisions\/1443"}],"up":[{"embeddable":true,"href":"https:\/\/www.msfaktura.de\/hilfe-version-3\/wp-json\/wp\/v2\/pages\/364"}],"wp:attachment":[{"href":"https:\/\/www.msfaktura.de\/hilfe-version-3\/wp-json\/wp\/v2\/media?parent=420"}],"curies":[{"name":"wp","href":"https:\/\/api.w.org\/{rel}","templated":true}]}}