{"id":300,"date":"2016-03-10T11:55:03","date_gmt":"2016-03-10T11:55:03","guid":{"rendered":"http:\/\/www.msfaktura.de\/hilfe-version-3\/?page_id=300"},"modified":"2020-05-12T14:40:50","modified_gmt":"2020-05-12T14:40:50","slug":"dataview_frm_preismatritzen","status":"publish","type":"page","link":"https:\/\/www.msfaktura.de\/hilfe-version-3\/startseite\/unterformulare\/dataview_frm_preismatritzen\/","title":{"rendered":"Preismatritzen"},"content":{"rendered":"<p><img loading=\"lazy\" decoding=\"async\" class=\"aligncenter wp-image-1435 size-medium\" src=\"http:\/\/www.msfaktura.de\/hilfe-version-3\/wp-content\/uploads\/sites\/5\/2020\/05\/Preismatritzen-3-300x151.jpg\" alt=\"\" width=\"300\" height=\"151\" srcset=\"https:\/\/www.msfaktura.de\/hilfe-version-3\/wp-content\/uploads\/sites\/5\/2020\/05\/Preismatritzen-3-300x151.jpg 300w, https:\/\/www.msfaktura.de\/hilfe-version-3\/wp-content\/uploads\/sites\/5\/2020\/05\/Preismatritzen-3-768x386.jpg 768w, https:\/\/www.msfaktura.de\/hilfe-version-3\/wp-content\/uploads\/sites\/5\/2020\/05\/Preismatritzen-3.jpg 957w\" sizes=\"auto, (max-width: 300px) 100vw, 300px\" \/><\/p>\n<p class=\"bodytext\">Unterformular zum Anzeigen und Erstellen von Preismatritzen.<\/p>\n<p class=\"bodytext\">Diese Daten sind preislistenbezogen.<\/p>\n<p class=\"bodytext\">Dieses Formular wird im Hauptformular\u00a0Preislistenmanager im Quadrant 2 angezeigt.<\/p>\n<p class=\"bodytext\">Befehlsschaltfl\u00e4chen oben:<\/p>\n<ul>\n<li>&#8222;Neu&#8220;:<i> <\/i>legt nach Abfrage einer Matrixbezeichnung eine neue Preismatrix an<i>.<\/i><\/li>\n<li>&#8222;L\u00f6schen&#8220;: l\u00f6scht nach Nachfrage die selektierte Preismatrix.<i><\/i><\/li>\n<li>&#8222;Details&#8220;: \u00f6ffnet das Formular &#8222;Matrixdaten&#8220; zum Bearbeiten der Preismatrix.<\/li>\n<li>&#8222;Preisliste erstellen&#8220;: speichert nach Abfrage eines Dateipfades eine Preisliste als PDF-Datei. Es werden alle Preismatritzen in die Preisliste eingef\u00fcgt, bei denen das Feld &#8222;Druck&#8220; angehakt ist. Die Reihenfolge der Preismatritzen wird absteigend nach der Preislistenbezeichnung sortiert.<\/li>\n<\/ul>\n<p class=\"bodytext\">Felder:<\/p>\n<ul>\n<li>Listenfeld:<i> zeigt alle der Preisliste zugeordneten Preismatritzen an<\/i><\/li>\n<\/ul>\n","protected":false},"excerpt":{"rendered":"<p>Unterformular zum Anzeigen und Erstellen von Preismatritzen. Diese Daten sind preislistenbezogen. Dieses Formular wird im Hauptformular\u00a0Preislistenmanager im Quadrant 2 angezeigt. Befehlsschaltfl\u00e4chen oben: &#8222;Neu&#8220;: legt nach Abfrage einer Matrixbezeichnung eine neue Preismatrix an. &#8222;L\u00f6schen&#8220;: l\u00f6scht nach Nachfrage die selektierte Preismatrix. &#8222;Details&#8220;: \u00f6ffnet das Formular &#8222;Matrixdaten&#8220; zum Bearbeiten der Preismatrix. &#8222;Preisliste erstellen&#8220;: speichert nach Abfrage eines Dateipfades &hellip; <a href=\"https:\/\/www.msfaktura.de\/hilfe-version-3\/startseite\/unterformulare\/dataview_frm_preismatritzen\/\" class=\"more-link\"><span class=\"screen-reader-text\">Preismatritzen<\/span> weiterlesen <span class=\"meta-nav\">&rarr;<\/span><\/a><\/p>\n","protected":false},"author":2,"featured_media":0,"parent":362,"menu_order":0,"comment_status":"closed","ping_status":"closed","template":"","meta":{"ngg_post_thumbnail":0,"footnotes":""},"class_list":["post-300","page","type-page","status-publish","hentry"],"_links":{"self":[{"href":"https:\/\/www.msfaktura.de\/hilfe-version-3\/wp-json\/wp\/v2\/pages\/300","targetHints":{"allow":["GET"]}}],"collection":[{"href":"https:\/\/www.msfaktura.de\/hilfe-version-3\/wp-json\/wp\/v2\/pages"}],"about":[{"href":"https:\/\/www.msfaktura.de\/hilfe-version-3\/wp-json\/wp\/v2\/types\/page"}],"author":[{"embeddable":true,"href":"https:\/\/www.msfaktura.de\/hilfe-version-3\/wp-json\/wp\/v2\/users\/2"}],"replies":[{"embeddable":true,"href":"https:\/\/www.msfaktura.de\/hilfe-version-3\/wp-json\/wp\/v2\/comments?post=300"}],"version-history":[{"count":5,"href":"https:\/\/www.msfaktura.de\/hilfe-version-3\/wp-json\/wp\/v2\/pages\/300\/revisions"}],"predecessor-version":[{"id":1436,"href":"https:\/\/www.msfaktura.de\/hilfe-version-3\/wp-json\/wp\/v2\/pages\/300\/revisions\/1436"}],"up":[{"embeddable":true,"href":"https:\/\/www.msfaktura.de\/hilfe-version-3\/wp-json\/wp\/v2\/pages\/362"}],"wp:attachment":[{"href":"https:\/\/www.msfaktura.de\/hilfe-version-3\/wp-json\/wp\/v2\/media?parent=300"}],"curies":[{"name":"wp","href":"https:\/\/api.w.org\/{rel}","templated":true}]}}