{"id":296,"date":"2016-03-10T11:53:14","date_gmt":"2016-03-10T11:53:14","guid":{"rendered":"http:\/\/www.msfaktura.de\/hilfe-version-3\/?page_id=296"},"modified":"2020-05-12T13:37:03","modified_gmt":"2020-05-12T13:37:03","slug":"dataview_frm_partnereigenschaften","status":"publish","type":"page","link":"https:\/\/www.msfaktura.de\/hilfe-version-3\/startseite\/unterformulare\/dataview_frm_partnereigenschaften\/","title":{"rendered":"Partnerrollen"},"content":{"rendered":"<p><img loading=\"lazy\" decoding=\"async\" class=\"aligncenter wp-image-1405 size-medium\" src=\"http:\/\/www.msfaktura.de\/hilfe-version-3\/wp-content\/uploads\/sites\/5\/2020\/05\/Partnermanager-Partner-Rollen-3-300x281.png\" alt=\"\" width=\"300\" height=\"281\" srcset=\"https:\/\/www.msfaktura.de\/hilfe-version-3\/wp-content\/uploads\/sites\/5\/2020\/05\/Partnermanager-Partner-Rollen-3-300x281.png 300w, https:\/\/www.msfaktura.de\/hilfe-version-3\/wp-content\/uploads\/sites\/5\/2020\/05\/Partnermanager-Partner-Rollen-3.png 481w\" sizes=\"auto, (max-width: 300px) 100vw, 300px\" \/><\/p>\n<p class=\"bodytext\">Unterformular zum Anzeigen von Partnereigenschaften.<\/p>\n<p class=\"bodytext\">Diese Daten sind partnerbezogen.<\/p>\n<p class=\"bodytext\">Dieses Formular wird im Hauptformular\u00a0Partnermanager im Quadrant 2\u00a0 angezeigt.<\/p>\n<p class=\"bodytext\">Befehlsschaltfl\u00e4chen oben:<\/p>\n<ul>\n<li>&#8222;Neu&#8220;: \u00f6ffnet das Formular &#8222;neue Partnereigenschaft&#8220;, in welchem dann eine neue Partnereigenschaft gew\u00e4hlt werden kann<\/li>\n<li>&#8222;L\u00f6schen&#8220;: l\u00f6scht nach Nachfrage die ausgew\u00e4hlte Partnereigenschaft<\/li>\n<\/ul>\n<ul>\n<li>&#8222;Details&#8220;: \u00f6ffnet je nach selektierter Partnereigenschaft ein entsprechendes Formular:\n<ul>\n<li>Mandant: Formular &#8222;Mandantendaten&#8220;<\/li>\n<li>Lieferant: Formular &#8222;Lieferantendaten&#8220;<\/li>\n<li>Mitarbeiter: Formular &#8222;Personaldaten&#8220;<\/li>\n<li>Terminer: kein Formular<\/li>\n<\/ul>\n<\/li>\n<\/ul>\n<p class=\"bodytext\">Felder:<\/p>\n<ul>\n<li>Listenfeld : <i>Liste aller Partnereigenschaften des ausgew\u00f6hlten Partners<\/i><\/li>\n<\/ul>\n","protected":false},"excerpt":{"rendered":"<p>Unterformular zum Anzeigen von Partnereigenschaften. Diese Daten sind partnerbezogen. Dieses Formular wird im Hauptformular\u00a0Partnermanager im Quadrant 2\u00a0 angezeigt. Befehlsschaltfl\u00e4chen oben: &#8222;Neu&#8220;: \u00f6ffnet das Formular &#8222;neue Partnereigenschaft&#8220;, in welchem dann eine neue Partnereigenschaft gew\u00e4hlt werden kann &#8222;L\u00f6schen&#8220;: l\u00f6scht nach Nachfrage die ausgew\u00e4hlte Partnereigenschaft &#8222;Details&#8220;: \u00f6ffnet je nach selektierter Partnereigenschaft ein entsprechendes Formular: Mandant: Formular &#8222;Mandantendaten&#8220; Lieferant: &hellip; <a href=\"https:\/\/www.msfaktura.de\/hilfe-version-3\/startseite\/unterformulare\/dataview_frm_partnereigenschaften\/\" class=\"more-link\"><span class=\"screen-reader-text\">Partnerrollen<\/span> weiterlesen <span class=\"meta-nav\">&rarr;<\/span><\/a><\/p>\n","protected":false},"author":2,"featured_media":0,"parent":362,"menu_order":0,"comment_status":"closed","ping_status":"closed","template":"","meta":{"ngg_post_thumbnail":0,"footnotes":""},"class_list":["post-296","page","type-page","status-publish","hentry"],"_links":{"self":[{"href":"https:\/\/www.msfaktura.de\/hilfe-version-3\/wp-json\/wp\/v2\/pages\/296","targetHints":{"allow":["GET"]}}],"collection":[{"href":"https:\/\/www.msfaktura.de\/hilfe-version-3\/wp-json\/wp\/v2\/pages"}],"about":[{"href":"https:\/\/www.msfaktura.de\/hilfe-version-3\/wp-json\/wp\/v2\/types\/page"}],"author":[{"embeddable":true,"href":"https:\/\/www.msfaktura.de\/hilfe-version-3\/wp-json\/wp\/v2\/users\/2"}],"replies":[{"embeddable":true,"href":"https:\/\/www.msfaktura.de\/hilfe-version-3\/wp-json\/wp\/v2\/comments?post=296"}],"version-history":[{"count":4,"href":"https:\/\/www.msfaktura.de\/hilfe-version-3\/wp-json\/wp\/v2\/pages\/296\/revisions"}],"predecessor-version":[{"id":1406,"href":"https:\/\/www.msfaktura.de\/hilfe-version-3\/wp-json\/wp\/v2\/pages\/296\/revisions\/1406"}],"up":[{"embeddable":true,"href":"https:\/\/www.msfaktura.de\/hilfe-version-3\/wp-json\/wp\/v2\/pages\/362"}],"wp:attachment":[{"href":"https:\/\/www.msfaktura.de\/hilfe-version-3\/wp-json\/wp\/v2\/media?parent=296"}],"curies":[{"name":"wp","href":"https:\/\/api.w.org\/{rel}","templated":true}]}}