{"id":268,"date":"2016-03-10T11:22:45","date_gmt":"2016-03-10T11:22:45","guid":{"rendered":"http:\/\/www.msfaktura.de\/hilfe-version-3\/?page_id=268"},"modified":"2020-05-12T13:39:49","modified_gmt":"2020-05-12T13:39:49","slug":"dataview_frm_belegvorlagen","status":"publish","type":"page","link":"https:\/\/www.msfaktura.de\/hilfe-version-3\/startseite\/unterformulare\/dataview_frm_belegvorlagen\/","title":{"rendered":"Belegvorlagen"},"content":{"rendered":"<p><img loading=\"lazy\" decoding=\"async\" class=\"aligncenter wp-image-1409 size-medium\" src=\"http:\/\/www.msfaktura.de\/hilfe-version-3\/wp-content\/uploads\/sites\/5\/2020\/05\/Partnermanger-Belegvorlagen-3-300x283.png\" alt=\"\" width=\"300\" height=\"283\" srcset=\"https:\/\/www.msfaktura.de\/hilfe-version-3\/wp-content\/uploads\/sites\/5\/2020\/05\/Partnermanger-Belegvorlagen-3-300x283.png 300w, https:\/\/www.msfaktura.de\/hilfe-version-3\/wp-content\/uploads\/sites\/5\/2020\/05\/Partnermanger-Belegvorlagen-3.png 482w\" sizes=\"auto, (max-width: 300px) 100vw, 300px\" \/><\/p>\n<p>Unterformular zum Anzeigen und Bearbeiten von Belegvorlagen.<\/p>\n<p class=\"bodytext\">Befehlsschaltfl\u00e4chen oben:<\/p>\n<ul>\n<li>&#8222;Neu&#8220;: erstellt eine neue\u00a0Belegvorlage<\/li>\n<li>&#8222;L\u00f6schen&#8220;: l\u00f6scht die gew\u00e4hlte Belegvorlage<\/li>\n<li>&#8222;Details&#8220;:\u00a0\u00f6ffnet das Detail- und Hilfsformular f\u00fcr Belegvorlagen<\/li>\n<\/ul>\n","protected":false},"excerpt":{"rendered":"<p>Unterformular zum Anzeigen und Bearbeiten von Belegvorlagen. Befehlsschaltfl\u00e4chen oben: &#8222;Neu&#8220;: erstellt eine neue\u00a0Belegvorlage &#8222;L\u00f6schen&#8220;: l\u00f6scht die gew\u00e4hlte Belegvorlage &#8222;Details&#8220;:\u00a0\u00f6ffnet das Detail- und Hilfsformular f\u00fcr Belegvorlagen<\/p>\n","protected":false},"author":2,"featured_media":0,"parent":362,"menu_order":0,"comment_status":"closed","ping_status":"closed","template":"","meta":{"ngg_post_thumbnail":0,"footnotes":""},"class_list":["post-268","page","type-page","status-publish","hentry"],"_links":{"self":[{"href":"https:\/\/www.msfaktura.de\/hilfe-version-3\/wp-json\/wp\/v2\/pages\/268","targetHints":{"allow":["GET"]}}],"collection":[{"href":"https:\/\/www.msfaktura.de\/hilfe-version-3\/wp-json\/wp\/v2\/pages"}],"about":[{"href":"https:\/\/www.msfaktura.de\/hilfe-version-3\/wp-json\/wp\/v2\/types\/page"}],"author":[{"embeddable":true,"href":"https:\/\/www.msfaktura.de\/hilfe-version-3\/wp-json\/wp\/v2\/users\/2"}],"replies":[{"embeddable":true,"href":"https:\/\/www.msfaktura.de\/hilfe-version-3\/wp-json\/wp\/v2\/comments?post=268"}],"version-history":[{"count":5,"href":"https:\/\/www.msfaktura.de\/hilfe-version-3\/wp-json\/wp\/v2\/pages\/268\/revisions"}],"predecessor-version":[{"id":1410,"href":"https:\/\/www.msfaktura.de\/hilfe-version-3\/wp-json\/wp\/v2\/pages\/268\/revisions\/1410"}],"up":[{"embeddable":true,"href":"https:\/\/www.msfaktura.de\/hilfe-version-3\/wp-json\/wp\/v2\/pages\/362"}],"wp:attachment":[{"href":"https:\/\/www.msfaktura.de\/hilfe-version-3\/wp-json\/wp\/v2\/media?parent=268"}],"curies":[{"name":"wp","href":"https:\/\/api.w.org\/{rel}","templated":true}]}}