{"id":262,"date":"2016-03-10T11:19:14","date_gmt":"2016-03-10T11:19:14","guid":{"rendered":"http:\/\/www.msfaktura.de\/hilfe-version-3\/?page_id=262"},"modified":"2020-05-12T13:29:59","modified_gmt":"2020-05-12T13:29:59","slug":"dataview_frm_bankverbindungen","status":"publish","type":"page","link":"https:\/\/www.msfaktura.de\/hilfe-version-3\/startseite\/unterformulare\/dataview_frm_bankverbindungen\/","title":{"rendered":"Bankverbindungen"},"content":{"rendered":"<p><img loading=\"lazy\" decoding=\"async\" class=\"aligncenter wp-image-1397 size-medium\" src=\"http:\/\/www.msfaktura.de\/hilfe-version-3\/wp-content\/uploads\/sites\/5\/2020\/05\/Partnermanager-Bankverbindungen-3-300x281.png\" alt=\"\" width=\"300\" height=\"281\" srcset=\"https:\/\/www.msfaktura.de\/hilfe-version-3\/wp-content\/uploads\/sites\/5\/2020\/05\/Partnermanager-Bankverbindungen-3-300x281.png 300w, https:\/\/www.msfaktura.de\/hilfe-version-3\/wp-content\/uploads\/sites\/5\/2020\/05\/Partnermanager-Bankverbindungen-3.png 483w\" sizes=\"auto, (max-width: 300px) 100vw, 300px\" \/><\/p>\n<div class=\"csc-textpic csc-textpic-center csc-textpic-below\">\n<div class=\"csc-textpic-text\">\n<p class=\"bodytext\">Unterformular zum Anzeigen und Bearbeiten von Bankverbindungen.<\/p>\n<p class=\"bodytext\">Diese Daten sind partnerbezogen.<\/p>\n<p class=\"bodytext\">Dieses Formular wird im Hauptformular\u00a0 Partnermanager im Quadrant 2\u00a0 angezeigt.<\/p>\n<p class=\"bodytext\">Befehlsschaltfl\u00e4chen oben:<\/p>\n<ul>\n<li>&#8222;Neu&#8220;: legt nach Abfrage einer Bankverbindungsbezeichnung eine neue Bankverbindung an<\/li>\n<li>&#8222;L\u00f6schen&#8220;: l\u00f6scht nach Nachfrage die ausgew\u00e4hlte Bankverbindung<\/li>\n<\/ul>\n<p class=\"bodytext\">Felder:<\/p>\n<ul>\n<li>Listenfeld links: <i>Liste aller Bankverbindungen<\/i><\/li>\n<li>Nr: <i>laufende Nummer<\/i><\/li>\n<li>Bezeichnung: <i>Bezeichnung der Bankverbindung<\/i><\/li>\n<li>Bankname: <i>Name des Geldinstitutes<\/i><\/li>\n<li>Kontonr.: <i>Kontonummer<\/i><\/li>\n<li>Bankleitzahl: <i>Bankleitzahl<\/i><\/li>\n<li>Standard:<i> markiert diese Bankverbindung als Standardbankverbindung<\/i><\/li>\n<\/ul>\n<\/div>\n<\/div>\n","protected":false},"excerpt":{"rendered":"<p>Unterformular zum Anzeigen und Bearbeiten von Bankverbindungen. Diese Daten sind partnerbezogen. Dieses Formular wird im Hauptformular\u00a0 Partnermanager im Quadrant 2\u00a0 angezeigt. Befehlsschaltfl\u00e4chen oben: &#8222;Neu&#8220;: legt nach Abfrage einer Bankverbindungsbezeichnung eine neue Bankverbindung an &#8222;L\u00f6schen&#8220;: l\u00f6scht nach Nachfrage die ausgew\u00e4hlte Bankverbindung Felder: Listenfeld links: Liste aller Bankverbindungen Nr: laufende Nummer Bezeichnung: Bezeichnung der Bankverbindung Bankname: Name &hellip; <a href=\"https:\/\/www.msfaktura.de\/hilfe-version-3\/startseite\/unterformulare\/dataview_frm_bankverbindungen\/\" class=\"more-link\"><span class=\"screen-reader-text\">Bankverbindungen<\/span> weiterlesen <span class=\"meta-nav\">&rarr;<\/span><\/a><\/p>\n","protected":false},"author":2,"featured_media":0,"parent":362,"menu_order":0,"comment_status":"closed","ping_status":"closed","template":"","meta":{"ngg_post_thumbnail":0,"footnotes":""},"class_list":["post-262","page","type-page","status-publish","hentry"],"_links":{"self":[{"href":"https:\/\/www.msfaktura.de\/hilfe-version-3\/wp-json\/wp\/v2\/pages\/262","targetHints":{"allow":["GET"]}}],"collection":[{"href":"https:\/\/www.msfaktura.de\/hilfe-version-3\/wp-json\/wp\/v2\/pages"}],"about":[{"href":"https:\/\/www.msfaktura.de\/hilfe-version-3\/wp-json\/wp\/v2\/types\/page"}],"author":[{"embeddable":true,"href":"https:\/\/www.msfaktura.de\/hilfe-version-3\/wp-json\/wp\/v2\/users\/2"}],"replies":[{"embeddable":true,"href":"https:\/\/www.msfaktura.de\/hilfe-version-3\/wp-json\/wp\/v2\/comments?post=262"}],"version-history":[{"count":7,"href":"https:\/\/www.msfaktura.de\/hilfe-version-3\/wp-json\/wp\/v2\/pages\/262\/revisions"}],"predecessor-version":[{"id":334,"href":"https:\/\/www.msfaktura.de\/hilfe-version-3\/wp-json\/wp\/v2\/pages\/262\/revisions\/334"}],"up":[{"embeddable":true,"href":"https:\/\/www.msfaktura.de\/hilfe-version-3\/wp-json\/wp\/v2\/pages\/362"}],"wp:attachment":[{"href":"https:\/\/www.msfaktura.de\/hilfe-version-3\/wp-json\/wp\/v2\/media?parent=262"}],"curies":[{"name":"wp","href":"https:\/\/api.w.org\/{rel}","templated":true}]}}