{"id":1252,"date":"2017-06-23T09:49:30","date_gmt":"2017-06-23T09:49:30","guid":{"rendered":"http:\/\/www.msfaktura.de\/hilfe-version-3\/?page_id=1252"},"modified":"2020-05-12T15:33:07","modified_gmt":"2020-05-12T15:33:07","slug":"dataview_frm_produktobjekte","status":"publish","type":"page","link":"https:\/\/www.msfaktura.de\/hilfe-version-3\/dataview_frm_produktobjekte\/","title":{"rendered":"Kalkulationsobjekte (ausgew\u00e4hlte)"},"content":{"rendered":"<div class=\"wpb-content-wrapper\"><p>[vc_row][vc_column][vc_column_text]<img loading=\"lazy\" decoding=\"async\" class=\"aligncenter wp-image-1462 size-medium\" src=\"http:\/\/www.msfaktura.de\/hilfe-version-3\/wp-content\/uploads\/sites\/5\/2020\/05\/Produktmanager-Kaulkulationsobjekte-3-300x215.png\" alt=\"\" width=\"300\" height=\"215\" srcset=\"https:\/\/www.msfaktura.de\/hilfe-version-3\/wp-content\/uploads\/sites\/5\/2020\/05\/Produktmanager-Kaulkulationsobjekte-3-300x215.png 300w, https:\/\/www.msfaktura.de\/hilfe-version-3\/wp-content\/uploads\/sites\/5\/2020\/05\/Produktmanager-Kaulkulationsobjekte-3.png 636w\" sizes=\"auto, (max-width: 300px) 100vw, 300px\" \/><\/p>\n<p>Unterformular zum Anzeigen und Bearbeiten von Kalkulationsobjekten.<\/p>\n<p>Dieses Formular wird im <a class=\"glossaryLink cmtt_System\" style=\"border-top: 0px; border-right: 0px; border-bottom: 1px dotted #000000 !important; border-left: 0px; border-image: initial; font-family: Lato, sans-serif; font-size: 16px; font-style: normal; font-weight: normal; margin: 0px; outline: 0px; padding: 0px; vertical-align: baseline; color: #000000 !important; text-decoration: none !important; font-variant-ligatures: normal; font-variant-caps: normal; letter-spacing: normal; orphans: 2; text-align: start; text-indent: 0px; text-transform: none; white-space: normal; widows: 2; word-spacing: 0px; -webkit-text-stroke-width: 0px; background-color: #ffffff;\" href=\"http:\/\/www.msfaktura.de\/hilfe-version-3\/msfglossary\/hauptformular\/\" data-tooltip=\"&lt;div class=glossaryItemTitle&gt;Hauptformular&lt;\/div&gt;Als Hauptformulare werden Formulare im msFaktura-Kontext bezeichnet, welche eigenst\u00e4ndig ge\u00f6ffnet werden k\u00f6nnen und welche wiederum Unterformulare zum anzeigen von Daten benutzen.\">Hauptformular<\/a>\u00a0Produktmanager\u00a0 im <a class=\"glossaryLink cmtt_System\" style=\"border-top: 0px; border-right: 0px; border-bottom: 1px dotted #000000 !important; border-left: 0px; border-image: initial; font-family: Lato, sans-serif; font-size: 16px; font-style: normal; font-weight: normal; margin: 0px; outline: 0px; padding: 0px; vertical-align: baseline; color: #000000 !important; text-decoration: none !important; font-variant-ligatures: normal; font-variant-caps: normal; letter-spacing: normal; orphans: 2; text-align: start; text-indent: 0px; text-transform: none; white-space: normal; widows: 2; word-spacing: 0px; -webkit-text-stroke-width: 0px; background-color: #ffffff;\" href=\"http:\/\/www.msfaktura.de\/hilfe-version-3\/msfglossary\/quadrant\/\" data-tooltip=\"&lt;div class=glossaryItemTitle&gt;Quadrant&lt;\/div&gt;Als Quadranten wird im msFaktura-Kontext\u00a0die 4 Unterformulare bezeichnet welche in Hauptformularen wie dem Partnermanager angezeigt werden.\">Quadrant<\/a>\u00a04 angezeigt.<\/p>\n<p>Felder:<\/p>\n<p>Kalkulationsobjekte (Liste): zeigt die aus der Preisliste gew\u00e4hlten Kalkulationsobjekte listenartig an<\/p>\n<p>&nbsp;<\/p>\n<p>Befehlsschaltfl\u00e4chen oben:<\/p>\n<ul>\n<li><strong>Ausw\u00e4hlen<\/strong><br \/>\n\u00f6ffnet das Dialogfeld Preisliste<\/li>\n<li><strong>Konstruktion Bearbeiten<\/strong><br \/>\n\u00f6ffnet das Detailformular Konstruktion bearbeiten<\/li>\n<li><strong>Kalk-Info<\/strong><br \/>\n\u00f6ffnet das\u00a0Detail- und Hilfsformular <a href=\"http:\/\/www.msfaktura.de\/hilfe-version-3\/startseite\/detailformulare\/kalkulations-informationen\/\">Kalkulations-Informationen<\/a>\u00a0und zeigt\u00a0Informationen zu den Kalkulationsdetails von Kalkulationsobjekten an<\/li>\n<li><strong>L\u00f6schen<\/strong><br \/>\nl\u00f6scht das gew\u00e4hlte Kalkulationsobjekt<\/li>\n<\/ul>\n<p>Eigenschaften (Liste): zeigt die Eigenschaften des oben selektierten Kalkulationsobjektes an<\/p>\n<p>Befehlsschaltfl\u00e4chen oben:<\/p>\n<ul>\n<li><strong>Bearbeiten<\/strong><br \/>\nbearbeitet die gew\u00e4hlte Eigenschaft. Eine ausf\u00fchrliche Anleitung dazu finden Sie in unserem Video Tutorial<br \/>\n<a href=\"http:\/\/www.msfaktura.de\/hilfe-version-3\/video-tutorial-bearbeiten-von-eigenschaften-eines-kalkulationsobjektes-aus-einer-preisliste\/\"><em>Bearbeiten von Eigenschaften eines Kalkulationsobjektes aus einer Preisliste<\/em><\/a><\/li>\n<li><strong>L\u00f6schen<\/strong><br \/>\nl\u00f6scht die gew\u00e4hlte Eigenschaft<\/li>\n<li><strong>Hinzuf\u00fcgen<\/strong><br \/>\nf\u00fcgt eine neue Eigenschaft hinzu<\/li>\n<\/ul>\n<p>[\/vc_column_text][\/vc_column][\/vc_row]<\/p>\n<\/div>","protected":false},"excerpt":{"rendered":"<p>[vc_row][vc_column][vc_column_text] Unterformular zum Anzeigen und Bearbeiten von Kalkulationsobjekten. Dieses Formular wird im Hauptformular\u00a0Produktmanager\u00a0 im Quadrant\u00a04 angezeigt. Felder: Kalkulationsobjekte (Liste): zeigt die aus der Preisliste gew\u00e4hlten Kalkulationsobjekte listenartig an &nbsp; Befehlsschaltfl\u00e4chen oben: Ausw\u00e4hlen \u00f6ffnet das Dialogfeld Preisliste Konstruktion Bearbeiten \u00f6ffnet das Detailformular Konstruktion bearbeiten Kalk-Info \u00f6ffnet das\u00a0Detail- und Hilfsformular Kalkulations-Informationen\u00a0und zeigt\u00a0Informationen zu den Kalkulationsdetails von Kalkulationsobjekten &hellip; <a href=\"https:\/\/www.msfaktura.de\/hilfe-version-3\/dataview_frm_produktobjekte\/\" class=\"more-link\"><span class=\"screen-reader-text\">Kalkulationsobjekte (ausgew\u00e4hlte)<\/span> weiterlesen <span class=\"meta-nav\">&rarr;<\/span><\/a><\/p>\n","protected":false},"author":2,"featured_media":0,"parent":0,"menu_order":0,"comment_status":"closed","ping_status":"closed","template":"","meta":{"ngg_post_thumbnail":0,"footnotes":""},"class_list":["post-1252","page","type-page","status-publish","hentry"],"_links":{"self":[{"href":"https:\/\/www.msfaktura.de\/hilfe-version-3\/wp-json\/wp\/v2\/pages\/1252","targetHints":{"allow":["GET"]}}],"collection":[{"href":"https:\/\/www.msfaktura.de\/hilfe-version-3\/wp-json\/wp\/v2\/pages"}],"about":[{"href":"https:\/\/www.msfaktura.de\/hilfe-version-3\/wp-json\/wp\/v2\/types\/page"}],"author":[{"embeddable":true,"href":"https:\/\/www.msfaktura.de\/hilfe-version-3\/wp-json\/wp\/v2\/users\/2"}],"replies":[{"embeddable":true,"href":"https:\/\/www.msfaktura.de\/hilfe-version-3\/wp-json\/wp\/v2\/comments?post=1252"}],"version-history":[{"count":15,"href":"https:\/\/www.msfaktura.de\/hilfe-version-3\/wp-json\/wp\/v2\/pages\/1252\/revisions"}],"predecessor-version":[{"id":1255,"href":"https:\/\/www.msfaktura.de\/hilfe-version-3\/wp-json\/wp\/v2\/pages\/1252\/revisions\/1255"}],"wp:attachment":[{"href":"https:\/\/www.msfaktura.de\/hilfe-version-3\/wp-json\/wp\/v2\/media?parent=1252"}],"curies":[{"name":"wp","href":"https:\/\/api.w.org\/{rel}","templated":true}]}}