{"id":691,"date":"2016-05-05T11:51:47","date_gmt":"2016-05-05T11:51:47","guid":{"rendered":"http:\/\/www.msfaktura.de\/hilfe-version-2\/?page_id=691"},"modified":"2017-04-26T07:28:32","modified_gmt":"2017-04-26T07:28:32","slug":"auf_frm_prodposneu","status":"publish","type":"page","link":"https:\/\/www.msfaktura.de\/hilfe-version-2\/startseite\/detailformulare\/auf_frm_prodposneu\/","title":{"rendered":"Freie Positionen: neue Position"},"content":{"rendered":"<figure id=\"attachment_693\" aria-describedby=\"caption-attachment-693\" style=\"width: 300px\" class=\"wp-caption aligncenter\"><a href=\"http:\/\/www.msfaktura.de\/hilfe-version-2\/wp-content\/uploads\/sites\/2\/2016\/05\/auf_frm_ProdPosNeu.png\" rel=\"lightbox[691]\"><img loading=\"lazy\" decoding=\"async\" class=\"size-medium wp-image-693\" src=\"http:\/\/www.msfaktura.de\/hilfe-version-2\/wp-content\/uploads\/sites\/2\/2016\/05\/auf_frm_ProdPosNeu-300x212.png\" alt=\"Freie Positionen: neue Position\" width=\"300\" height=\"212\" srcset=\"https:\/\/www.msfaktura.de\/hilfe-version-2\/wp-content\/uploads\/sites\/2\/2016\/05\/auf_frm_ProdPosNeu-300x212.png 300w, https:\/\/www.msfaktura.de\/hilfe-version-2\/wp-content\/uploads\/sites\/2\/2016\/05\/auf_frm_ProdPosNeu-768x541.png 768w, https:\/\/www.msfaktura.de\/hilfe-version-2\/wp-content\/uploads\/sites\/2\/2016\/05\/auf_frm_ProdPosNeu-1024x722.png 1024w, https:\/\/www.msfaktura.de\/hilfe-version-2\/wp-content\/uploads\/sites\/2\/2016\/05\/auf_frm_ProdPosNeu.png 1085w\" sizes=\"auto, (max-width: 300px) 100vw, 300px\" \/><\/a><figcaption id=\"caption-attachment-693\" class=\"wp-caption-text\">Freie Positionen: neue Position<\/figcaption><\/figure>\n<p class=\"bodytext\">Detail- und Hilfsformular zum Hinzuf\u00fcgen von neuen freien Positionen zu einer Produktposition. \u00a0Die rechte Seite des Formulars beherbergt die Felder der freien Position. Diese Felder k\u00f6nnen nach belieben ausgef\u00fcllt werden. Auf der\u00a0linken Seite des Formulars findet man zun\u00e4chst die Vorlagen der freien Positionen in einer Baumstruktur. Beim Ausw\u00e4hlen einer Vorlage werden die Felder auf der rechten Seite mit den Inhalten der Vorlage gef\u00fcllt. Alternativ kann man die linke Seite durch ausw\u00e4hlen des Eintrages &#8222;vorhandene Positionen&#8220; mit den freien Positionen aller Produktpositionen des aktuellen Auftrages f\u00fcllen. So ist es m\u00f6glich eine freie Position, welche schon im Auftrag vorgekommen ist, schnell und einfach in die aktuelle Position zu kopieren.<\/p>\n<p class=\"bodytext\">Freie Positionen aus anderen Auftr\u00e4gen kann man in die aktuelle Produktposition kopieren indem man auf &#8222;Verlauf&#8220; klickt. Nun werden die letzten freien Positionen aller Auftr\u00e4ge der letzten Zeit auf der linken Formularseite angezeigt.<\/p>\n<p class=\"bodytext\">Dieses Formular ist erreichbar \u00fcber das Unterformular &#8222;freie Positionen&#8220;.<\/p>\n<p class=\"bodytext\">Befehlsschaltfl\u00e4chen unten:<\/p>\n<ul>\n<li>&#8222;Abbrechen&#8220;: Schlie\u00dft das Formular<\/li>\n<li>&#8222;Fertig&#8220;: erstellt einen neue freie Position mit den Inhalt der Felder auf der rechten Formularseite und schlie\u00dft das Formular.<\/li>\n<\/ul>\n<p class=\"bodytext\">Felder:<\/p>\n<ul>\n<li>Liste oben links.:\u00a0<i>Auswahl des Inhaltes des Treeview-Steuerelementes: Vorlagen, vorhandene Positionen, Verlauf<\/i><\/li>\n<li>Treeview-Steuerelement linke Seite.:\u00a0<i>Auswahl von Vorlagen, vorhandenen Positionen oder des Verlaufes<\/i><\/li>\n<li>Kategorie:\u00a0<i>Angebotskategorie der freien Position als Auswahlfeld oder zum freien beschreiben<\/i><\/li>\n<li>Mengenformel:\u00a0<i>Angabe zur Mengenbestimmung der freien Position: Im einfachsten Fall einfach mit einer Zahl zu bef\u00fcllen, alternativ k\u00f6nnen Mengenformeln eingef\u00fcgt werden. Einklick auf die Schaltfl\u00e4che mit den 3 Punkten \u00f6ffnet den Mengeneditor<\/i><\/li>\n<li>Einheit:\u00a0<i>Einheit der freien Position, z.B.: m, St\u00fcck, Liter, etc.<\/i><\/li>\n<li>Listenpreis: <em>Der Listenpreis der Freien Position, von diesem Preis wird der Rabatt abgezogen und der Faktor aufgeschlagen<\/em><\/li>\n<li>Rabatt: <em>Rabatt als Zahl (40% = 40)\u00a0<\/em><\/li>\n<li>Faktor: <em>Faktor als Zahl (50% = 50)<\/em><\/li>\n<li>VK: <em>der errechnete Verkaufspreis pro 1 Einheit der freien Position, Rechenweg: Listenpreis &#8211; Rabatt + Faktor, Beispielrechnung: (Listenpreis = 200, Rabatt = 40, Faktor = 80) 200 x 0,6 x 1,8<\/em><\/li>\n<li>Text:<em> Angebotstext der freien Position als freier Text mit Unterst\u00fctzung der Variablen el_st\u00fcck, el_breite, el_h\u00f6he, etc.<\/em><\/li>\n<li>Konstruktion einf\u00fcgen:<em> Auswahlm\u00f6glichkeit einer Konstruktionsvorlage zum komfortablen erstellen einer Fensterkonstruktion.<\/em><\/li>\n<li>Einf\u00fcgen in:<em> Auswahl des Einf\u00fcgeziels der freien Position, zur Auswahl stehen Position (immer) oder Gruppe(falls vorhanden).<\/em><\/li>\n<\/ul>\n","protected":false},"excerpt":{"rendered":"<p>Detail- und Hilfsformular zum Hinzuf\u00fcgen von neuen freien Positionen zu einer Produktposition. \u00a0Die rechte Seite des Formulars beherbergt die Felder der freien Position. Diese Felder k\u00f6nnen nach belieben ausgef\u00fcllt werden. Auf der\u00a0linken Seite des Formulars findet man zun\u00e4chst die Vorlagen der freien Positionen in einer Baumstruktur. Beim Ausw\u00e4hlen einer Vorlage werden die Felder auf der &hellip; <a href=\"https:\/\/www.msfaktura.de\/hilfe-version-2\/startseite\/detailformulare\/auf_frm_prodposneu\/\" class=\"more-link\"><span class=\"screen-reader-text\">Freie Positionen: neue Position<\/span> weiterlesen <span class=\"meta-nav\">&rarr;<\/span><\/a><\/p>\n","protected":false},"author":1,"featured_media":0,"parent":364,"menu_order":0,"comment_status":"closed","ping_status":"closed","template":"","meta":{"ngg_post_thumbnail":0,"footnotes":""},"class_list":["post-691","page","type-page","status-publish","hentry"],"_links":{"self":[{"href":"https:\/\/www.msfaktura.de\/hilfe-version-2\/wp-json\/wp\/v2\/pages\/691","targetHints":{"allow":["GET"]}}],"collection":[{"href":"https:\/\/www.msfaktura.de\/hilfe-version-2\/wp-json\/wp\/v2\/pages"}],"about":[{"href":"https:\/\/www.msfaktura.de\/hilfe-version-2\/wp-json\/wp\/v2\/types\/page"}],"author":[{"embeddable":true,"href":"https:\/\/www.msfaktura.de\/hilfe-version-2\/wp-json\/wp\/v2\/users\/1"}],"replies":[{"embeddable":true,"href":"https:\/\/www.msfaktura.de\/hilfe-version-2\/wp-json\/wp\/v2\/comments?post=691"}],"version-history":[{"count":7,"href":"https:\/\/www.msfaktura.de\/hilfe-version-2\/wp-json\/wp\/v2\/pages\/691\/revisions"}],"predecessor-version":[{"id":887,"href":"https:\/\/www.msfaktura.de\/hilfe-version-2\/wp-json\/wp\/v2\/pages\/691\/revisions\/887"}],"up":[{"embeddable":true,"href":"https:\/\/www.msfaktura.de\/hilfe-version-2\/wp-json\/wp\/v2\/pages\/364"}],"wp:attachment":[{"href":"https:\/\/www.msfaktura.de\/hilfe-version-2\/wp-json\/wp\/v2\/media?parent=691"}],"curies":[{"name":"wp","href":"https:\/\/api.w.org\/{rel}","templated":true}]}}