{"id":543,"date":"2016-03-11T15:04:36","date_gmt":"2016-03-11T15:04:36","guid":{"rendered":"http:\/\/www.msfaktura.de\/hilfe-version-2\/?page_id=543"},"modified":"2017-04-26T08:53:57","modified_gmt":"2017-04-26T08:53:57","slug":"rechnungsdaten","status":"publish","type":"page","link":"https:\/\/www.msfaktura.de\/hilfe-version-2\/startseite\/unterformulare\/rechnungsdaten\/","title":{"rendered":"Rechnungsdaten"},"content":{"rendered":"<p><a href=\"http:\/\/www.msfaktura.de\/hilfe-version-2\/wp-content\/uploads\/sites\/2\/2016\/03\/beleg-rechnungsdaten.png\"  rel=\"lightbox[543] attachment wp-att-544\"><img loading=\"lazy\" decoding=\"async\" class=\"alignnone size-medium wp-image-544\" src=\"http:\/\/www.msfaktura.de\/hilfe-version-2\/wp-content\/uploads\/sites\/2\/2016\/03\/beleg-rechnungsdaten-300x300.png\" alt=\"beleg rechnungsdaten\" width=\"300\" height=\"300\" srcset=\"https:\/\/www.msfaktura.de\/hilfe-version-2\/wp-content\/uploads\/sites\/2\/2016\/03\/beleg-rechnungsdaten-300x300.png 300w, https:\/\/www.msfaktura.de\/hilfe-version-2\/wp-content\/uploads\/sites\/2\/2016\/03\/beleg-rechnungsdaten-150x150.png 150w, https:\/\/www.msfaktura.de\/hilfe-version-2\/wp-content\/uploads\/sites\/2\/2016\/03\/beleg-rechnungsdaten-768x767.png 768w, https:\/\/www.msfaktura.de\/hilfe-version-2\/wp-content\/uploads\/sites\/2\/2016\/03\/beleg-rechnungsdaten.png 863w\" sizes=\"auto, (max-width: 300px) 100vw, 300px\" \/><\/a><\/p>\n<p class=\"bodytext\">Unterformular zum Anzeigen und Bearbeiten von Rechnungsdaten.<\/p>\n<p class=\"bodytext\">Diese Daten sind auftragsbezogen.<\/p>\n<p class=\"bodytext\">Dieses Formular wird im Hauptformular Partnermanager\u00a0 im Quadrant 4 (auftragsbezogen) angezeigt.<\/p>\n<p class=\"bodytext\">Befehlsschaltfl\u00e4chen oben:<\/p>\n<ul>\n<li>&#8222;Neu&#8220;: \u00f6ffnet das Formular &#8222;neue Rechnung&#8220; zur Erstellung einer neuen Rechnung<\/li>\n<li>&#8222;L\u00f6schen&#8220;: l\u00f6scht nach Nachfrage die ausgew\u00e4hlte Rechnung<\/li>\n<li>&#8222;Druck&#8220;: \u00f6ffnet das Formular &#8222;Berichts-Ausgabe&#8220;<\/li>\n<\/ul>\n<p class=\"bodytext\">Felder:<\/p>\n<ul>\n<li>Nr. (Intern): laufende Nummer<\/li>\n<li>Nr. (extern): extern (Berichtsausgabe) angezeigte Rechnungsnummer<\/li>\n<li>Auftragsnr.: Nummer des Auftrages, welche der Rechnung zugeordnet ist<\/li>\n<li>Datum: Rechnungsdatum<\/li>\n<li>Rechnungsart: Art der Rechnung (Anzahlung-, Teilzahlung-, Gesamt-, oder Schlussrechnung)<\/li>\n<li>Betrag (Netto): Netto-Rechnungsbetrag<\/li>\n<li>MwSt %: Mehrwertsteuersatz<\/li>\n<li>Mitarbeiter: Mitarbeiter, welcher die Rechnung erstellt hat<\/li>\n<li>Mandant: Mandant, unter welchem die Rechnung gef\u00fchrt wird<\/li>\n<\/ul>\n","protected":false},"excerpt":{"rendered":"<p>Unterformular zum Anzeigen und Bearbeiten von Rechnungsdaten. Diese Daten sind auftragsbezogen. Dieses Formular wird im Hauptformular Partnermanager\u00a0 im Quadrant 4 (auftragsbezogen) angezeigt. Befehlsschaltfl\u00e4chen oben: &#8222;Neu&#8220;: \u00f6ffnet das Formular &#8222;neue Rechnung&#8220; zur Erstellung einer neuen Rechnung &#8222;L\u00f6schen&#8220;: l\u00f6scht nach Nachfrage die ausgew\u00e4hlte Rechnung &#8222;Druck&#8220;: \u00f6ffnet das Formular &#8222;Berichts-Ausgabe&#8220; Felder: Nr. (Intern): laufende Nummer Nr. (extern): extern &hellip; <a href=\"https:\/\/www.msfaktura.de\/hilfe-version-2\/startseite\/unterformulare\/rechnungsdaten\/\" class=\"more-link\"><span class=\"screen-reader-text\">Rechnungsdaten<\/span> weiterlesen <span class=\"meta-nav\">&rarr;<\/span><\/a><\/p>\n","protected":false},"author":2,"featured_media":0,"parent":362,"menu_order":0,"comment_status":"closed","ping_status":"closed","template":"","meta":{"ngg_post_thumbnail":0,"footnotes":""},"class_list":["post-543","page","type-page","status-publish","hentry"],"_links":{"self":[{"href":"https:\/\/www.msfaktura.de\/hilfe-version-2\/wp-json\/wp\/v2\/pages\/543","targetHints":{"allow":["GET"]}}],"collection":[{"href":"https:\/\/www.msfaktura.de\/hilfe-version-2\/wp-json\/wp\/v2\/pages"}],"about":[{"href":"https:\/\/www.msfaktura.de\/hilfe-version-2\/wp-json\/wp\/v2\/types\/page"}],"author":[{"embeddable":true,"href":"https:\/\/www.msfaktura.de\/hilfe-version-2\/wp-json\/wp\/v2\/users\/2"}],"replies":[{"embeddable":true,"href":"https:\/\/www.msfaktura.de\/hilfe-version-2\/wp-json\/wp\/v2\/comments?post=543"}],"version-history":[{"count":3,"href":"https:\/\/www.msfaktura.de\/hilfe-version-2\/wp-json\/wp\/v2\/pages\/543\/revisions"}],"predecessor-version":[{"id":911,"href":"https:\/\/www.msfaktura.de\/hilfe-version-2\/wp-json\/wp\/v2\/pages\/543\/revisions\/911"}],"up":[{"embeddable":true,"href":"https:\/\/www.msfaktura.de\/hilfe-version-2\/wp-json\/wp\/v2\/pages\/362"}],"wp:attachment":[{"href":"https:\/\/www.msfaktura.de\/hilfe-version-2\/wp-json\/wp\/v2\/media?parent=543"}],"curies":[{"name":"wp","href":"https:\/\/api.w.org\/{rel}","templated":true}]}}