{"id":472,"date":"2016-03-11T10:11:10","date_gmt":"2016-03-11T10:11:10","guid":{"rendered":"http:\/\/www.msfaktura.de\/hilfe-version-2\/?page_id=472"},"modified":"2016-03-11T13:05:09","modified_gmt":"2016-03-11T13:05:09","slug":"wochentermine","status":"publish","type":"page","link":"https:\/\/www.msfaktura.de\/hilfe-version-2\/startseite\/detailformulare\/wochentermine\/","title":{"rendered":"Wochentermine"},"content":{"rendered":"<p><a href=\"http:\/\/www.msfaktura.de\/hilfe-version-2\/wp-content\/uploads\/sites\/2\/2016\/03\/wochentermine.png\"  rel=\"lightbox[472] attachment wp-att-473\"><img loading=\"lazy\" decoding=\"async\" class=\"alignnone size-medium wp-image-473\" src=\"http:\/\/www.msfaktura.de\/hilfe-version-2\/wp-content\/uploads\/sites\/2\/2016\/03\/wochentermine-300x169.png\" alt=\"wochentermine\" width=\"300\" height=\"169\" srcset=\"https:\/\/www.msfaktura.de\/hilfe-version-2\/wp-content\/uploads\/sites\/2\/2016\/03\/wochentermine-300x169.png 300w, https:\/\/www.msfaktura.de\/hilfe-version-2\/wp-content\/uploads\/sites\/2\/2016\/03\/wochentermine-768x433.png 768w, https:\/\/www.msfaktura.de\/hilfe-version-2\/wp-content\/uploads\/sites\/2\/2016\/03\/wochentermine-1024x578.png 1024w, https:\/\/www.msfaktura.de\/hilfe-version-2\/wp-content\/uploads\/sites\/2\/2016\/03\/wochentermine.png 1079w\" sizes=\"auto, (max-width: 300px) 100vw, 300px\" \/><\/a><\/p>\n<p class=\"bodytext\">Detail- und Hilfsformular zum Anzeigen aller Termine innerhalb einer Kalenderwoche.<\/p>\n<p class=\"bodytext\">Befehlsschaltfl\u00e4chen unten:<\/p>\n<ul>\n<li>&#8222;Schlie\u00dfen&#8220;: schlie\u00dft das Formular ohne weitere Aktion<\/li>\n<li>&#8222;Details&#8220;: \u00f6ffnet das Detail-und Hilfsformular &#8222;Terminer-Details&#8220; zum Anzeigen und Bearbeiten der Termindaten des ausgew\u00e4hlten Termins<\/li>\n<\/ul>\n<p class=\"bodytext\">Felder:<\/p>\n<ul>\n<li>Listenfeld: Liste aller Termine der ausgew\u00e4hlten Kalenderwoche<\/li>\n<\/ul>\n","protected":false},"excerpt":{"rendered":"<p>Detail- und Hilfsformular zum Anzeigen aller Termine innerhalb einer Kalenderwoche. Befehlsschaltfl\u00e4chen unten: &#8222;Schlie\u00dfen&#8220;: schlie\u00dft das Formular ohne weitere Aktion &#8222;Details&#8220;: \u00f6ffnet das Detail-und Hilfsformular &#8222;Terminer-Details&#8220; zum Anzeigen und Bearbeiten der Termindaten des ausgew\u00e4hlten Termins Felder: Listenfeld: Liste aller Termine der ausgew\u00e4hlten Kalenderwoche<\/p>\n","protected":false},"author":2,"featured_media":0,"parent":364,"menu_order":0,"comment_status":"closed","ping_status":"closed","template":"","meta":{"ngg_post_thumbnail":0,"footnotes":""},"class_list":["post-472","page","type-page","status-publish","hentry"],"_links":{"self":[{"href":"https:\/\/www.msfaktura.de\/hilfe-version-2\/wp-json\/wp\/v2\/pages\/472","targetHints":{"allow":["GET"]}}],"collection":[{"href":"https:\/\/www.msfaktura.de\/hilfe-version-2\/wp-json\/wp\/v2\/pages"}],"about":[{"href":"https:\/\/www.msfaktura.de\/hilfe-version-2\/wp-json\/wp\/v2\/types\/page"}],"author":[{"embeddable":true,"href":"https:\/\/www.msfaktura.de\/hilfe-version-2\/wp-json\/wp\/v2\/users\/2"}],"replies":[{"embeddable":true,"href":"https:\/\/www.msfaktura.de\/hilfe-version-2\/wp-json\/wp\/v2\/comments?post=472"}],"version-history":[{"count":2,"href":"https:\/\/www.msfaktura.de\/hilfe-version-2\/wp-json\/wp\/v2\/pages\/472\/revisions"}],"predecessor-version":[{"id":514,"href":"https:\/\/www.msfaktura.de\/hilfe-version-2\/wp-json\/wp\/v2\/pages\/472\/revisions\/514"}],"up":[{"embeddable":true,"href":"https:\/\/www.msfaktura.de\/hilfe-version-2\/wp-json\/wp\/v2\/pages\/364"}],"wp:attachment":[{"href":"https:\/\/www.msfaktura.de\/hilfe-version-2\/wp-json\/wp\/v2\/media?parent=472"}],"curies":[{"name":"wp","href":"https:\/\/api.w.org\/{rel}","templated":true}]}}