{"id":411,"date":"2016-03-11T09:42:41","date_gmt":"2016-03-11T09:42:41","guid":{"rendered":"http:\/\/www.msfaktura.de\/hilfe-version-2\/?page_id=411"},"modified":"2016-03-11T12:09:26","modified_gmt":"2016-03-11T12:09:26","slug":"dokument-details","status":"publish","type":"page","link":"https:\/\/www.msfaktura.de\/hilfe-version-2\/startseite\/detailformulare\/dokument-details\/","title":{"rendered":"Dokument-Details"},"content":{"rendered":"<p><a href=\"http:\/\/www.msfaktura.de\/hilfe-version-2\/wp-content\/uploads\/sites\/2\/2016\/03\/dokument-details.png\"  rel=\"lightbox[411] attachment wp-att-412\"><img loading=\"lazy\" decoding=\"async\" class=\"alignnone size-medium wp-image-412\" src=\"http:\/\/www.msfaktura.de\/hilfe-version-2\/wp-content\/uploads\/sites\/2\/2016\/03\/dokument-details-300x191.png\" alt=\"dokument-details\" width=\"300\" height=\"191\" srcset=\"https:\/\/www.msfaktura.de\/hilfe-version-2\/wp-content\/uploads\/sites\/2\/2016\/03\/dokument-details-300x191.png 300w, https:\/\/www.msfaktura.de\/hilfe-version-2\/wp-content\/uploads\/sites\/2\/2016\/03\/dokument-details.png 683w\" sizes=\"auto, (max-width: 300px) 100vw, 300px\" \/><\/a><\/p>\n<p class=\"bodytext\">Detail- und Hilfsformular zum Anzeigen und Bearbeiten von Dokumenten. Diese Daten sind auftrags- oder partnerbezogen.<\/p>\n<p class=\"bodytext\">Dieses Formular erreicht man \u00fcber das Unterformular &#8222;Dokumentmanagement&#8220;.<\/p>\n<p class=\"bodytext\">Befehlsschaltfl\u00e4chen unten:<\/p>\n<ul>\n<li>&#8222;Schlie\u00dfen&#8220;: schlie\u00dft das Formular<\/li>\n<li>&#8222;Datei importieren&#8220;: \u00f6ffnet ein Dateiauswahlformular zur Auswahl einer Dokumentdatei<\/li>\n<\/ul>\n<p class=\"bodytext\">Felder:<\/p>\n<ul>\n<li>Nr: <i>laufende Nummer<\/i><\/li>\n<li>FAX: <i>markiert das Dokument als Fax<\/i><\/li>\n<li>Datum: <i>Datum der Dokumenterstellung<\/i><\/li>\n<li>Auf-Nr: <i>Nummer des Auftrages, die dem Dokument zugeordnet ist<\/i><\/li>\n<li>Kundennr: <i>Nummer des Kundens, welche dem Dokument zugeordnet ist<\/i><\/li>\n<li>Re.-Nr (Intern): <i>ohne Funktion<\/i><\/li>\n<li>Bestellnr: <i>ohne Funktion<\/i><\/li>\n<li>Terminnr: <i>ohne Funktion<\/i><\/li>\n<li>Ausgabenr:<i> ohne Funktion<\/i><\/li>\n<li>Fax-Nr: <i>ohne Funktion<\/i><\/li>\n<li>Art:<i> Dokumentart<\/i><\/li>\n<li>Absender: <i>Absender des Dokumentes (bei Fax-Dokumenten)<\/i><\/li>\n<li>Empf\u00e4nger <i>Empf\u00e4nger (Mitarbeiter) des Dokumentes bei Faxdokumenten<\/i><\/li>\n<li>Personalisieren: Z<i>uordnungsm\u00f6glichkeit des Dokumentes zu einem Mitarbeiter<\/i><\/li>\n<li>Bezeichnung: <i>Dokumentbezeichnung<\/i><\/li>\n<\/ul>\n","protected":false},"excerpt":{"rendered":"<p>Detail- und Hilfsformular zum Anzeigen und Bearbeiten von Dokumenten. Diese Daten sind auftrags- oder partnerbezogen. Dieses Formular erreicht man \u00fcber das Unterformular &#8222;Dokumentmanagement&#8220;. Befehlsschaltfl\u00e4chen unten: &#8222;Schlie\u00dfen&#8220;: schlie\u00dft das Formular &#8222;Datei importieren&#8220;: \u00f6ffnet ein Dateiauswahlformular zur Auswahl einer Dokumentdatei Felder: Nr: laufende Nummer FAX: markiert das Dokument als Fax Datum: Datum der Dokumenterstellung Auf-Nr: Nummer des &hellip; <a href=\"https:\/\/www.msfaktura.de\/hilfe-version-2\/startseite\/detailformulare\/dokument-details\/\" class=\"more-link\"><span class=\"screen-reader-text\">Dokument-Details<\/span> weiterlesen <span class=\"meta-nav\">&rarr;<\/span><\/a><\/p>\n","protected":false},"author":2,"featured_media":0,"parent":364,"menu_order":0,"comment_status":"closed","ping_status":"closed","template":"","meta":{"ngg_post_thumbnail":0,"footnotes":""},"class_list":["post-411","page","type-page","status-publish","hentry"],"_links":{"self":[{"href":"https:\/\/www.msfaktura.de\/hilfe-version-2\/wp-json\/wp\/v2\/pages\/411","targetHints":{"allow":["GET"]}}],"collection":[{"href":"https:\/\/www.msfaktura.de\/hilfe-version-2\/wp-json\/wp\/v2\/pages"}],"about":[{"href":"https:\/\/www.msfaktura.de\/hilfe-version-2\/wp-json\/wp\/v2\/types\/page"}],"author":[{"embeddable":true,"href":"https:\/\/www.msfaktura.de\/hilfe-version-2\/wp-json\/wp\/v2\/users\/2"}],"replies":[{"embeddable":true,"href":"https:\/\/www.msfaktura.de\/hilfe-version-2\/wp-json\/wp\/v2\/comments?post=411"}],"version-history":[{"count":4,"href":"https:\/\/www.msfaktura.de\/hilfe-version-2\/wp-json\/wp\/v2\/pages\/411\/revisions"}],"predecessor-version":[{"id":503,"href":"https:\/\/www.msfaktura.de\/hilfe-version-2\/wp-json\/wp\/v2\/pages\/411\/revisions\/503"}],"up":[{"embeddable":true,"href":"https:\/\/www.msfaktura.de\/hilfe-version-2\/wp-json\/wp\/v2\/pages\/364"}],"wp:attachment":[{"href":"https:\/\/www.msfaktura.de\/hilfe-version-2\/wp-json\/wp\/v2\/media?parent=411"}],"curies":[{"name":"wp","href":"https:\/\/api.w.org\/{rel}","templated":true}]}}