{"id":399,"date":"2016-03-11T09:39:09","date_gmt":"2016-03-11T09:39:09","guid":{"rendered":"http:\/\/www.msfaktura.de\/hilfe-version-2\/?page_id=399"},"modified":"2016-03-11T12:04:07","modified_gmt":"2016-03-11T12:04:07","slug":"adressdetails","status":"publish","type":"page","link":"https:\/\/www.msfaktura.de\/hilfe-version-2\/startseite\/detailformulare\/adressdetails\/","title":{"rendered":"Adressdetails"},"content":{"rendered":"<p><a href=\"http:\/\/www.msfaktura.de\/hilfe-version-2\/wp-content\/uploads\/sites\/2\/2016\/03\/adressdetails_part_frm_Adressdetails.png\"  rel=\"lightbox[399] attachment wp-att-400\"><img loading=\"lazy\" decoding=\"async\" class=\"alignnone size-medium wp-image-400\" src=\"http:\/\/www.msfaktura.de\/hilfe-version-2\/wp-content\/uploads\/sites\/2\/2016\/03\/adressdetails_part_frm_Adressdetails-293x300.png\" alt=\"adressdetails_part_frm_Adressdetails\" width=\"293\" height=\"300\" srcset=\"https:\/\/www.msfaktura.de\/hilfe-version-2\/wp-content\/uploads\/sites\/2\/2016\/03\/adressdetails_part_frm_Adressdetails-293x300.png 293w, https:\/\/www.msfaktura.de\/hilfe-version-2\/wp-content\/uploads\/sites\/2\/2016\/03\/adressdetails_part_frm_Adressdetails.png 682w\" sizes=\"auto, (max-width: 293px) 100vw, 293px\" \/><\/a><\/p>\n<p class=\"bodytext\">Detail- und Hilfsformular zum Anzeigen und Bearbeiten von Adressdaten. Die Adressdaten k\u00f6nnen partner-\u00a0(Rechnungsadressen, etc.) oder auftragsbezogen (Baustellenadressen, etc.) sein.<\/p>\n<p class=\"bodytext\">Dieses Formular ist erreichbar \u00fcber das Unterformular &#8222;Adressen&#8220;.<\/p>\n<p class=\"bodytext\">Befehlsschaltfl\u00e4chen unten:<\/p>\n<ul>\n<li>&#8222;Schlie\u00dfen&#8220;: Schlie\u00dft das Formular<\/li>\n<\/ul>\n<p class=\"bodytext\">Felder:<\/p>\n<ul>\n<li>Nr.: <i>Adressnummer<\/i><\/li>\n<li>Bez.: <i>Adressbezeichnung (z.B.: Privatadresse, Omas Adresse, etc.)<\/i><\/li>\n<li>Partner-Nr.: <i>Nummer des Partners, die dieser Adresse zugeordnet ist<\/i><\/li>\n<li>Auftrags-Nr.: <i>Nummer des Partners, die dieser Adresse zugeordnet ist<\/i><\/li>\n<li>Termin-Nr.: <i>nicht benutzt<\/i><\/li>\n<li>Adressart: <i>Adressart<\/i> <i>(Privatadresse, Gesch\u00e4ftsadresse, etc.)<\/i><\/li>\n<li>Anrede: <i>Anrede (Herr, Frau, etc.)<\/i><\/li>\n<li>Titel: <i>Titel (Dr., Prof., etc.)<\/i><\/li>\n<li>Vorname: <i>Vorname<\/i><\/li>\n<li>Nachname: <i>Nachname<\/i><\/li>\n<li>Stra\u00dfe: <i>Stra\u00dfenname<\/i><\/li>\n<li>Stra\u00dfe-Nr: <i>Stra\u00dfen-Nummer<\/i><\/li>\n<li>Land:\u00a0<i>Land<\/i><\/li>\n<li>PLZ: <i>Postleitzahl<\/i><\/li>\n<li>Ort: <i>Ort<\/i><\/li>\n<li>Hau\/Et\/Sei:<i> Haus (Vorderhaus, Hinterhaus, etc.), Etage (1.Og, 3.og, etc.) Seite (links, rechts, Mitte, etc.)<\/i><\/li>\n<li>Druck: <i>markiert die Adresse in ausgew\u00e4hlten Berichten als ausdruckbar<\/i><\/li>\n<li>Haupt: <i>markiert die Adresse als Hauptadresse, wodurch sie automatisch, wenn sie im Partnerbezug steht, in Berichtsausgaben als Adresse verwendet wird<\/i><\/li>\n<\/ul>\n","protected":false},"excerpt":{"rendered":"<p>Detail- und Hilfsformular zum Anzeigen und Bearbeiten von Adressdaten. Die Adressdaten k\u00f6nnen partner-\u00a0(Rechnungsadressen, etc.) oder auftragsbezogen (Baustellenadressen, etc.) sein. Dieses Formular ist erreichbar \u00fcber das Unterformular &#8222;Adressen&#8220;. Befehlsschaltfl\u00e4chen unten: &#8222;Schlie\u00dfen&#8220;: Schlie\u00dft das Formular Felder: Nr.: Adressnummer Bez.: Adressbezeichnung (z.B.: Privatadresse, Omas Adresse, etc.) Partner-Nr.: Nummer des Partners, die dieser Adresse zugeordnet ist Auftrags-Nr.: Nummer des &hellip; <a href=\"https:\/\/www.msfaktura.de\/hilfe-version-2\/startseite\/detailformulare\/adressdetails\/\" class=\"more-link\"><span class=\"screen-reader-text\">Adressdetails<\/span> weiterlesen <span class=\"meta-nav\">&rarr;<\/span><\/a><\/p>\n","protected":false},"author":2,"featured_media":0,"parent":364,"menu_order":0,"comment_status":"closed","ping_status":"closed","template":"","meta":{"ngg_post_thumbnail":0,"footnotes":""},"class_list":["post-399","page","type-page","status-publish","hentry"],"_links":{"self":[{"href":"https:\/\/www.msfaktura.de\/hilfe-version-2\/wp-json\/wp\/v2\/pages\/399","targetHints":{"allow":["GET"]}}],"collection":[{"href":"https:\/\/www.msfaktura.de\/hilfe-version-2\/wp-json\/wp\/v2\/pages"}],"about":[{"href":"https:\/\/www.msfaktura.de\/hilfe-version-2\/wp-json\/wp\/v2\/types\/page"}],"author":[{"embeddable":true,"href":"https:\/\/www.msfaktura.de\/hilfe-version-2\/wp-json\/wp\/v2\/users\/2"}],"replies":[{"embeddable":true,"href":"https:\/\/www.msfaktura.de\/hilfe-version-2\/wp-json\/wp\/v2\/comments?post=399"}],"version-history":[{"count":6,"href":"https:\/\/www.msfaktura.de\/hilfe-version-2\/wp-json\/wp\/v2\/pages\/399\/revisions"}],"predecessor-version":[{"id":1375,"href":"https:\/\/www.msfaktura.de\/hilfe-version-2\/wp-json\/wp\/v2\/pages\/399\/revisions\/1375"}],"up":[{"embeddable":true,"href":"https:\/\/www.msfaktura.de\/hilfe-version-2\/wp-json\/wp\/v2\/pages\/364"}],"wp:attachment":[{"href":"https:\/\/www.msfaktura.de\/hilfe-version-2\/wp-json\/wp\/v2\/media?parent=399"}],"curies":[{"name":"wp","href":"https:\/\/api.w.org\/{rel}","templated":true}]}}