{"id":278,"date":"2016-03-10T11:34:02","date_gmt":"2016-03-10T11:34:02","guid":{"rendered":"http:\/\/www.msfaktura.de\/hilfe-version-2\/?page_id=278"},"modified":"2017-04-26T08:33:44","modified_gmt":"2017-04-26T08:33:44","slug":"auf_frm_prodposvorlagen","status":"publish","type":"page","link":"https:\/\/www.msfaktura.de\/hilfe-version-2\/startseite\/unterformulare\/auf_frm_prodposvorlagen\/","title":{"rendered":"Freie Positionen Vorlagen"},"content":{"rendered":"<p>Unterformular zum Anzeigen und Bearbeiten von freien Positionsvorlagen.\u00a0Diese Vorlagen k\u00f6nnen dann zum F\u00fcllen\u00a0von Produktpositionen verwendet werden.<\/p>\n<p><a href=\"http:\/\/www.msfaktura.de\/hilfe-version-2\/wp-content\/uploads\/sites\/2\/2016\/03\/freie-positionen-vorlagen_auf_frm_prodPosVorlagen.png\"  rel=\"lightbox[278] attachment wp-att-227\"><img loading=\"lazy\" decoding=\"async\" class=\"alignnone size-medium wp-image-227\" src=\"http:\/\/www.msfaktura.de\/hilfe-version-2\/wp-content\/uploads\/sites\/2\/2016\/03\/freie-positionen-vorlagen_auf_frm_prodPosVorlagen-300x231.png\" alt=\"freie positionen vorlagen_auf_frm_prodPosVorlagen\" width=\"300\" height=\"231\" srcset=\"https:\/\/www.msfaktura.de\/hilfe-version-2\/wp-content\/uploads\/sites\/2\/2016\/03\/freie-positionen-vorlagen_auf_frm_prodPosVorlagen-300x231.png 300w, https:\/\/www.msfaktura.de\/hilfe-version-2\/wp-content\/uploads\/sites\/2\/2016\/03\/freie-positionen-vorlagen_auf_frm_prodPosVorlagen-768x590.png 768w, https:\/\/www.msfaktura.de\/hilfe-version-2\/wp-content\/uploads\/sites\/2\/2016\/03\/freie-positionen-vorlagen_auf_frm_prodPosVorlagen-1024x787.png 1024w, https:\/\/www.msfaktura.de\/hilfe-version-2\/wp-content\/uploads\/sites\/2\/2016\/03\/freie-positionen-vorlagen_auf_frm_prodPosVorlagen.png 1280w\" sizes=\"auto, (max-width: 300px) 100vw, 300px\" \/><\/a><\/p>\n<p>Dieses Formular wird im Hauptformular Einstellungen\u00a0angezeigt. Alternativ\u00a0kann man dieses Formular \u00fcber das Detail- und Hilfsformular &#8222;Freie Position als Vorlage\u00a0speichern&#8220; erreichen.<\/p>\n<p>Befehlsschaltfl\u00e4chen oben:<\/p>\n<ul>\n<li>\u201eSchlie\u00dfen\u201c: <em>schlie\u00dft das Formular<\/em><\/li>\n<li>&#8222;neuer Ordner&#8220;:<em> Erstellt einen neuen Ordner als Unterordner des ausgew\u00e4hlten<\/em><\/li>\n<li>&#8222;neue Vorlage&#8220;: <em>Erstellt einen neue Vorlage im ausgew\u00e4hlten Ordner<\/em><\/li>\n<li>&#8222;L\u00f6schen&#8220;: <em>L\u00f6scht das\u00a0ausgew\u00e4hlte Objekt (Ordner oder Vorlage)<\/em><\/li>\n<li>&#8222;Umbenennen&#8220;:<em>\u00a0benennt das ausgew\u00e4hlte Objekt (Ordner oder Vorlage) um<\/em><\/li>\n<\/ul>\n<p>Felder:<\/p>\n<ul>\n<li>Treeview-Steuerelement linke Seite.:\u00a0<i>Auswahl einer\u00a0Vorlage, Erstellung Ordnerstruktur<\/i><\/li>\n<li>Kategorie:\u00a0<i>Angebotskategorie der freien Position als Auswahlfeld oder zum freien Beschreiben<\/i><\/li>\n<li>Mengenformel:\u00a0<i>Angabe zur Mengenbestimmung der freien Position: Im einfachsten Fall einfach mit einer Zahl zu bef\u00fcllen, alternativ k\u00f6nnen Mengenformeln eingef\u00fcgt werden. Ein Klick auf die Schaltfl\u00e4che mit den drei Punkten \u00f6ffnet den Mengeneditor<\/i><\/li>\n<li>Einheit:\u00a0<i>Einheit der freien Position, z.B.: m, St\u00fcck, Liter, etc.<\/i><\/li>\n<li>Listenpreis: <em>Der Listenpreis der Freien Position, von diesem Preis wird der Rabatt abgezogen und der Faktor aufgeschlagen<\/em><\/li>\n<li>Rabatt: <em>Rabatt als Zahl (40% = 40)\u00a0<\/em><\/li>\n<li>Faktor: <em>Faktor als Zahl (50% = 50)<\/em><\/li>\n<li>Text:<em> Angebotstext der freien Position als freier Text mit Unterst\u00fctzung der Variablen el_st\u00fcck, el_breite, el_h\u00f6he, etc.<\/em><\/li>\n<li>Konstruktion einf\u00fcgen:<em> Auswahlm\u00f6glichkeit einer Konstruktionsvorlage zum komfortablen Erstellen einer Fensterkonstruktion<\/em><\/li>\n<\/ul>\n","protected":false},"excerpt":{"rendered":"<p>Unterformular zum Anzeigen und Bearbeiten von freien Positionsvorlagen.\u00a0Diese Vorlagen k\u00f6nnen dann zum F\u00fcllen\u00a0von Produktpositionen verwendet werden. Dieses Formular wird im Hauptformular Einstellungen\u00a0angezeigt. Alternativ\u00a0kann man dieses Formular \u00fcber das Detail- und Hilfsformular &#8222;Freie Position als Vorlage\u00a0speichern&#8220; erreichen. Befehlsschaltfl\u00e4chen oben: \u201eSchlie\u00dfen\u201c: schlie\u00dft das Formular &#8222;neuer Ordner&#8220;: Erstellt einen neuen Ordner als Unterordner des ausgew\u00e4hlten &#8222;neue Vorlage&#8220;: Erstellt &hellip; <a href=\"https:\/\/www.msfaktura.de\/hilfe-version-2\/startseite\/unterformulare\/auf_frm_prodposvorlagen\/\" class=\"more-link\"><span class=\"screen-reader-text\">Freie Positionen Vorlagen<\/span> weiterlesen <span class=\"meta-nav\">&rarr;<\/span><\/a><\/p>\n","protected":false},"author":2,"featured_media":0,"parent":362,"menu_order":0,"comment_status":"closed","ping_status":"closed","template":"","meta":{"ngg_post_thumbnail":0,"footnotes":""},"class_list":["post-278","page","type-page","status-publish","hentry"],"_links":{"self":[{"href":"https:\/\/www.msfaktura.de\/hilfe-version-2\/wp-json\/wp\/v2\/pages\/278","targetHints":{"allow":["GET"]}}],"collection":[{"href":"https:\/\/www.msfaktura.de\/hilfe-version-2\/wp-json\/wp\/v2\/pages"}],"about":[{"href":"https:\/\/www.msfaktura.de\/hilfe-version-2\/wp-json\/wp\/v2\/types\/page"}],"author":[{"embeddable":true,"href":"https:\/\/www.msfaktura.de\/hilfe-version-2\/wp-json\/wp\/v2\/users\/2"}],"replies":[{"embeddable":true,"href":"https:\/\/www.msfaktura.de\/hilfe-version-2\/wp-json\/wp\/v2\/comments?post=278"}],"version-history":[{"count":8,"href":"https:\/\/www.msfaktura.de\/hilfe-version-2\/wp-json\/wp\/v2\/pages\/278\/revisions"}],"predecessor-version":[{"id":909,"href":"https:\/\/www.msfaktura.de\/hilfe-version-2\/wp-json\/wp\/v2\/pages\/278\/revisions\/909"}],"up":[{"embeddable":true,"href":"https:\/\/www.msfaktura.de\/hilfe-version-2\/wp-json\/wp\/v2\/pages\/362"}],"wp:attachment":[{"href":"https:\/\/www.msfaktura.de\/hilfe-version-2\/wp-json\/wp\/v2\/media?parent=278"}],"curies":[{"name":"wp","href":"https:\/\/api.w.org\/{rel}","templated":true}]}}