{"id":539,"date":"2016-03-11T14:46:20","date_gmt":"2016-03-11T14:46:20","guid":{"rendered":"http:\/\/www.msfaktura.de\/hilfe-version-2\/?page_id=539"},"modified":"2017-05-05T11:19:51","modified_gmt":"2017-05-05T11:19:51","slug":"dataview_frm_ausgabealternativen","status":"publish","type":"page","link":"http:\/\/www.msfaktura.de\/hilfe-version-2\/startseite\/unterformulare\/dataview_frm_ausgabealternativen\/","title":{"rendered":"Alternativen"},"content":{"rendered":"<p><a href=\"http:\/\/www.msfaktura.de\/hilfe-version-2\/wp-content\/uploads\/sites\/2\/2016\/03\/beleg-alternativen.png\"  rel=\"lightbox[539] attachment wp-att-540\"><img loading=\"lazy\" decoding=\"async\" class=\"alignnone size-medium wp-image-540\" src=\"http:\/\/www.msfaktura.de\/hilfe-version-2\/wp-content\/uploads\/sites\/2\/2016\/03\/beleg-alternativen-300x300.png\" alt=\"beleg alternativen\" width=\"300\" height=\"300\" srcset=\"http:\/\/www.msfaktura.de\/hilfe-version-2\/wp-content\/uploads\/sites\/2\/2016\/03\/beleg-alternativen-300x300.png 300w, http:\/\/www.msfaktura.de\/hilfe-version-2\/wp-content\/uploads\/sites\/2\/2016\/03\/beleg-alternativen-150x150.png 150w, http:\/\/www.msfaktura.de\/hilfe-version-2\/wp-content\/uploads\/sites\/2\/2016\/03\/beleg-alternativen-768x767.png 768w, http:\/\/www.msfaktura.de\/hilfe-version-2\/wp-content\/uploads\/sites\/2\/2016\/03\/beleg-alternativen.png 863w\" sizes=\"auto, (max-width: 300px) 100vw, 300px\" \/><\/a><\/p>\n<p class=\"bodytext\">Unterformular zum Anzeigen und Bearbeiten von Angebotsalternativen. Diese Daten sind auftragsbezogen.<\/p>\n<p class=\"bodytext\">Dieses Formular wird im Hauptformular Partnermanager\u00a0 im Quadrant 4 (auftragsbezogen) angezeigt.<\/p>\n<p class=\"bodytext\">Befehlsschaltfl\u00e4chen oben:<\/p>\n<ul>\n<li>&#8222;Neu&#8220;: legt eine neue Angebotsalternative an<\/li>\n<li>&#8222;L\u00f6schen&#8220;: l\u00f6scht nach Nachfrage die ausgew\u00e4hlte Angebotsalternative<\/li>\n<\/ul>\n<p class=\"bodytext\">Felder:<\/p>\n<ul>\n<li>Titel: <i>Titel der Alternative (z.B.: F\u00fcr alle Positionen)<\/i><\/li>\n<li>Nr.:<i> laufende Nummer<\/i><\/li>\n<li>Pos.: <i>Positionsnummer der Alternative<\/i><\/li>\n<li>Anzahl: <i>St\u00fcckzahl<\/i><\/li>\n<li>Einheit:<i> Einheit (St\u00fcck, m, etc.)<\/i><\/li>\n<li>Preis : <i>Einzelpreis<\/i><\/li>\n<li>Text: <i>Beschreibungstext<\/i><\/li>\n<li>Pospreis: <i>Einzelpreis multipliziert mit der St\u00fcckzahl<\/i><\/li>\n<\/ul>\n","protected":false},"excerpt":{"rendered":"<p>Unterformular zum Anzeigen und Bearbeiten von Angebotsalternativen. Diese Daten sind auftragsbezogen. Dieses Formular wird im Hauptformular Partnermanager\u00a0 im Quadrant 4 (auftragsbezogen) angezeigt. Befehlsschaltfl\u00e4chen oben: &#8222;Neu&#8220;: legt eine neue Angebotsalternative an &#8222;L\u00f6schen&#8220;: l\u00f6scht nach Nachfrage die ausgew\u00e4hlte Angebotsalternative Felder: Titel: Titel der Alternative (z.B.: F\u00fcr alle Positionen) Nr.: laufende Nummer Pos.: Positionsnummer der Alternative Anzahl: St\u00fcckzahl &hellip; <a href=\"http:\/\/www.msfaktura.de\/hilfe-version-2\/startseite\/unterformulare\/dataview_frm_ausgabealternativen\/\" class=\"more-link\"><span class=\"screen-reader-text\">Alternativen<\/span> weiterlesen <span class=\"meta-nav\">&rarr;<\/span><\/a><\/p>\n","protected":false},"author":2,"featured_media":0,"parent":362,"menu_order":0,"comment_status":"closed","ping_status":"closed","template":"","meta":{"ngg_post_thumbnail":0,"footnotes":""},"class_list":["post-539","page","type-page","status-publish","hentry"],"_links":{"self":[{"href":"http:\/\/www.msfaktura.de\/hilfe-version-2\/wp-json\/wp\/v2\/pages\/539","targetHints":{"allow":["GET"]}}],"collection":[{"href":"http:\/\/www.msfaktura.de\/hilfe-version-2\/wp-json\/wp\/v2\/pages"}],"about":[{"href":"http:\/\/www.msfaktura.de\/hilfe-version-2\/wp-json\/wp\/v2\/types\/page"}],"author":[{"embeddable":true,"href":"http:\/\/www.msfaktura.de\/hilfe-version-2\/wp-json\/wp\/v2\/users\/2"}],"replies":[{"embeddable":true,"href":"http:\/\/www.msfaktura.de\/hilfe-version-2\/wp-json\/wp\/v2\/comments?post=539"}],"version-history":[{"count":3,"href":"http:\/\/www.msfaktura.de\/hilfe-version-2\/wp-json\/wp\/v2\/pages\/539\/revisions"}],"predecessor-version":[{"id":1091,"href":"http:\/\/www.msfaktura.de\/hilfe-version-2\/wp-json\/wp\/v2\/pages\/539\/revisions\/1091"}],"up":[{"embeddable":true,"href":"http:\/\/www.msfaktura.de\/hilfe-version-2\/wp-json\/wp\/v2\/pages\/362"}],"wp:attachment":[{"href":"http:\/\/www.msfaktura.de\/hilfe-version-2\/wp-json\/wp\/v2\/media?parent=539"}],"curies":[{"name":"wp","href":"https:\/\/api.w.org\/{rel}","templated":true}]}}